{"id":1586,"date":"2023-12-10T15:35:37","date_gmt":"2023-12-10T07:35:37","guid":{"rendered":"https:\/\/hktattoosupply.com\/?page_id=1586"},"modified":"2023-12-10T20:26:26","modified_gmt":"2023-12-10T12:26:26","slug":"returns-refunds","status":"publish","type":"page","link":"https:\/\/hktattoosupply.com\/cs\/returns-refunds\/","title":{"rendered":"Vr\u00e1cen\u00ed zbo\u017e\u00ed a n\u00e1hrady"},"content":{"rendered":"<p>P\u0159ij\u00edm\u00e1me vr\u00e1cen\u00ed v\u00fdrobk\u016f. Z\u00e1kazn\u00edci maj\u00ed pr\u00e1vo po\u017e\u00e1dat o vr\u00e1cen\u00ed do 15 dn\u016f od obdr\u017een\u00ed v\u00fdrobku.<br>Abyste mohli zbo\u017e\u00ed vr\u00e1tit, mus\u00ed b\u00fdt nepou\u017eit\u00e9 a ve stejn\u00e9m stavu, v jak\u00e9m jste ho obdr\u017eeli. Mus\u00ed b\u00fdt tak\u00e9 v p\u016fvodn\u00edm obalu. K dokon\u010den\u00ed vr\u00e1cen\u00ed po\u017eadujeme \u00fa\u010dtenku nebo doklad o n\u00e1kupu. Sv\u016fj n\u00e1kup pros\u00edm nepos\u00edlejte zp\u011bt v\u00fdrobci.<\/p>\n\n\n\n<p>Upozorn\u011bn\u00ed<br>Z\u00e1kazn\u00edci by si m\u011bli uv\u011bdomit, \u017ee mezin\u00e1rodn\u00ed dovoz m\u016f\u017ee v n\u011bkter\u00fdch zem\u00edch vy\u017eadovat proclen\u00ed n\u011bkter\u00fdch materi\u00e1l\u016f.<\/p>\n\n\n\n<p>Pokud je zbo\u017e\u00ed vr\u00e1ceno z d\u016fvodu nespolupr\u00e1ce z\u00e1kazn\u00edka p\u0159i celn\u00edm odbaven\u00ed, p\u0159\u00edpadnou ztr\u00e1tu n\u00e1klad\u016f na dopravu nese spot\u0159ebitel. K v\u00fdrobku m\u016f\u017eeme poskytnout \u00fapln\u00fd seznam spot\u0159eby a po\u017eadovan\u00e9 certifik\u00e1ty. Pokud je bude celn\u00ed spr\u00e1va pot\u0159ebovat, kontaktujte n\u00e1s.<\/p>\n\n\n\n<p>Pokud je vr\u00e1cen\u00ed zp\u016fsobeno spot\u0159ebitelem, m\u011bl by b\u00fdt spot\u0159ebitel zodpov\u011bdn\u00fd za p\u0159epravn\u00ed poplatek. Konkr\u00e9tn\u00ed poplatek by m\u011bl vych\u00e1zet z vybran\u00e9 expresn\u00ed spole\u010dnosti. Pokud je z na\u0161ich d\u016fvod\u016f obdr\u017een\u00e9 zbo\u017e\u00ed po\u0161kozen\u00e9 nebo nespr\u00e1vn\u00e9, spot\u0159ebitel nen\u00ed povinen hradit poplatek za dopravu z tohoto d\u016fvodu. Za vr\u00e1cen\u00ed v\u00fdrobku nebude spot\u0159ebitel\u016fm \u00fa\u010dtov\u00e1n \u017e\u00e1dn\u00fd poplatek za uskladn\u011bn\u00ed.<\/p>\n\n\n\n<p>JAK MOHU VR\u00c1TIT ZBO\u017d\u00cd?<br>Sta\u010d\u00ed n\u00e1m poslat e-mail na adresu sales@hktattoosupply.com a uv\u00e9st n\u00e1sleduj\u00edc\u00ed informace:<\/p>\n\n\n\n<p>Objednac\u00ed \u010d\u00edslo<br>Polo\u017eka k vr\u00e1cen\u00ed<br>Stav polo\u017eky<br>D\u016fvod vr\u00e1cen\u00ed<br>Ozveme se v\u00e1m do 24 pracovn\u00edch hodin. V ned\u011bli m\u00e1me zav\u0159eno.<\/p>\n\n\n\n<p>Pokud chcete zbo\u017e\u00ed vr\u00e1tit, kontaktujte n\u00e1s pros\u00edm p\u0159ed vr\u00e1cen\u00edm. Zbo\u017e\u00ed pros\u00edm nevracejte p\u0159\u00edmo, aby nedo\u0161lo ke ztr\u00e1t\u011b. Po zasl\u00e1n\u00ed e-mailu na adresu sales@hktattoosupply.com a spln\u011bn\u00ed v\u0161ech po\u017eadavk\u016f na vr\u00e1cen\u00ed zbo\u017e\u00ed; obdr\u017e\u00edte povolen\u00ed k vr\u00e1cen\u00ed zbo\u017e\u00ed.<\/p>\n\n\n\n<p>V bal\u00ed\u010dku pro vr\u00e1cen\u00ed zbo\u017e\u00ed uve\u010fte \u010d\u00edslo sv\u00e9 objedn\u00e1vky. Zbo\u017e\u00ed bezpe\u010dn\u011b zabalte, pou\u017eijte pevnou krabici a p\u0159ilo\u017ete polstrov\u00e1n\u00ed, nap\u0159\u00edklad balic\u00ed bubliny nebo samolepic\u00ed polstrovanou ob\u00e1lku. Zbo\u017e\u00ed za\u0161lete zp\u011bt v bezpe\u010dn\u00e9m obalu na adresu uvedenou v povolen\u00ed k vr\u00e1cen\u00ed do t\u0159iceti (30) dn\u016f od p\u016fvodn\u00edho n\u00e1kupu.<\/p>\n\n\n\n<p>Pokud vr\u00e1cen\u00e9mu zbo\u017e\u00ed chyb\u00ed n\u011bjak\u00e9 sou\u010d\u00e1sti nebo je po\u0161kozeno b\u011bhem zp\u011btn\u00e9 p\u0159epravy, proto\u017ee nebylo spr\u00e1vn\u011b zabaleno, p\u0159eb\u00edr\u00e1 odpov\u011bdnost kupuj\u00edc\u00ed.<\/p>\n\n\n\n<p>JAK RYCHLE BUDE MOJE VR\u00c1CEN\u00cd ZPRACOV\u00c1NO?<br>Po p\u0159ijet\u00ed vr\u00e1cen\u00e9ho zbo\u017e\u00ed do na\u0161eho skladu m\u016f\u017ee jeho zpracov\u00e1n\u00ed trvat 3 a\u017e 5 dn\u00ed. Jakmile bude vr\u00e1cen\u00ed zpracov\u00e1no, obdr\u017e\u00edte e-mail s informac\u00ed, \u017ee vr\u00e1cen\u00ed bylo schv\u00e1leno, a my zpracujeme kredit na vr\u00e1cen\u00ed zbo\u017e\u00ed.<\/p>\n\n\n\n<p>Z\u00c1SADY PRO VR\u00c1CEN\u00cd TETOVAC\u00cdHO STROJKU<br>Vezm\u011bte pros\u00edm na v\u011bdom\u00ed, \u017ee jak je uvedeno v\u00fd\u0161e v \u010d\u00e1sti Po\u017eadavky na vr\u00e1cen\u00ed, tetovac\u00ed stroje se nevracej\u00ed. Pokud m\u00e1te se strojkem probl\u00e9my a strojek je v z\u00e1ru\u010dn\u00ed dob\u011b (Ode dne, kdy strojek obdr\u017e\u00edte, se na v\u0161echny tetovac\u00ed strojky vztahuje jednolet\u00fd z\u00e1ru\u010dn\u00ed servis (s v\u00fdjimkou um\u011bl\u00e9ho po\u0161kozen\u00ed; )), postupujte podle n\u00e1sleduj\u00edc\u00edch krok\u016f:<\/p>\n\n\n\n<p>Po\u0161lete e-mail na adresu sales@hktattoosupply.com a popi\u0161te probl\u00e9my, kter\u00e9 se u v\u00e1s se strojem vyskytly. Uve\u010fte pros\u00edm \u010d\u00edslo faktury, pokud \u010d\u00edslo faktury nem\u00e1te, uve\u010fte e-mailovou adresu nebo Jm\u00e9no spojen\u00e9 s \u00fa\u010dtem.<br>Potvrd\u00edme, \u017ee je v\u00e1\u0161 stroj v z\u00e1ruce, kontaktujeme v\u00fdrobce ohledn\u011b probl\u00e9mu, kter\u00fd se u v\u00e1s vyskytl, a poskytneme \u0159e\u0161en\u00ed opravy stroje, pokud existuje.<br>Jakmile probl\u00e9m zjist\u00edme, budeme v\u00e1s kontaktovat ohledn\u011b dal\u0161\u00edch krok\u016f, proto\u017ee ka\u017ed\u00fd v\u00fdrobce m\u00e1 pro ka\u017edou z\u00e1le\u017eitost jin\u00e9 \u0159e\u0161en\u00ed.<\/p>\n\n\n\n<p>N\u00e1hrady<br>Po obdr\u017een\u00ed a kontrole vr\u00e1cen\u00e9ho zbo\u017e\u00ed v\u00e1m za\u0161leme e-mail s ozn\u00e1men\u00edm o p\u0159ijet\u00ed. Rovn\u011b\u017e v\u00e1s budeme informovat o schv\u00e1len\u00ed nebo zam\u00edtnut\u00ed vr\u00e1cen\u00ed pen\u011bz. Pokud v\u00e1m bude vr\u00e1cen\u00ed pen\u011bz schv\u00e1leno, bude va\u0161e vr\u00e1cen\u00ed pen\u011bz zpracov\u00e1no a do ur\u010dit\u00e9ho po\u010dtu dn\u00ed v\u00e1m bude automaticky p\u0159ips\u00e1n kredit na va\u0161i kreditn\u00ed kartu nebo p\u016fvodn\u00ed zp\u016fsob platby.<\/p>\n\n\n\n<p>Opo\u017ed\u011bn\u00e9 nebo chyb\u011bj\u00edc\u00ed n\u00e1hrady<br>Pokud jste dosud neobdr\u017eeli n\u00e1hradu, zkontrolujte nejprve znovu sv\u016fj bankovn\u00ed \u00fa\u010det.<br>Pot\u00e9 se obra\u0165te na spole\u010dnost vyd\u00e1vaj\u00edc\u00ed va\u0161i kreditn\u00ed kartu, m\u016f\u017ee n\u011bjakou dobu trvat, ne\u017e bude vr\u00e1cen\u00ed pen\u011bz ofici\u00e1ln\u011b za\u00fa\u010dtov\u00e1no. D\u00e1le kontaktujte svou banku. \u010casto trv\u00e1 n\u011bjakou dobu, ne\u017e je vr\u00e1cen\u00e1 \u010d\u00e1stka za\u00fa\u010dtov\u00e1na. Pokud jste toto v\u0161echno ud\u011blali a st\u00e1le jste neobdr\u017eeli vr\u00e1cen\u00e9 pen\u00edze, kontaktujte n\u00e1s na adrese sales@hktattoosupply.com.<\/p>\n\n\n\n<p>Slu\u017eba vr\u00e1cen\u00ed zbo\u017e\u00ed\uff1a sales@hktattoosupply.com<\/p>\n\n\n\n<p>Telefon pro n\u00e1vrat: +86 13526334186 (WhatsApp)<\/p>\n\n\n\n<p>Adresa n\u00e1vratu\uff1aShengshimingmen II, Minquan Country, provincie Henan , \u010c\u00edna<\/p>","protected":false},"excerpt":{"rendered":"<p>We accept return of products. Customers have the right to apply for a return within 15 days after the receipt of the product.To be eligible for a return, your item must be unused and in the same condition that you received it. It must also be in the original packaging. To complete your return, we &hellip;<\/p>\n<p class=\"read-more\"> <a class=\"\" href=\"https:\/\/hktattoosupply.com\/cs\/returns-refunds\/\"> <span class=\"screen-reader-text\">Vr\u00e1cen\u00ed zbo\u017e\u00ed a n\u00e1hrady<\/span> Pokra\u010dovat ve \u010dten\u00ed &raquo;<\/a><\/p>","protected":false},"author":1,"featured_media":0,"parent":0,"menu_order":0,"comment_status":"closed","ping_status":"closed","template":"","meta":{"site-sidebar-layout":"default","site-content-layout":"","ast-site-content-layout":"default","site-content-style":"default","site-sidebar-style":"default","ast-global-header-display":"","ast-banner-title-visibility":"","ast-main-header-display":"","ast-hfb-above-header-display":"","ast-hfb-below-header-display":"","ast-hfb-mobile-header-display":"","site-post-title":"","ast-breadcrumbs-content":"","ast-featured-img":"","footer-sml-layout":"","theme-transparent-header-meta":"","adv-header-id-meta":"","stick-header-meta":"","header-above-stick-meta":"","header-main-stick-meta":"","header-below-stick-meta":"","astra-migrate-meta-layouts":"set","ast-page-background-enabled":"default","ast-page-background-meta":{"desktop":{"background-color":"","background-image":"","background-repeat":"repeat","background-position":"center center","background-size":"auto","background-attachment":"scroll","background-type":"","background-media":"","overlay-type":"","overlay-color":"","overlay-gradient":""},"tablet":{"background-color":"","background-image":"","background-repeat":"repeat","background-position":"center center","background-size":"auto","background-attachment":"scroll","background-type":"","background-media":"","overlay-type":"","overlay-color":"","overlay-gradient":""},"mobile":{"background-color":"","background-image":"","background-repeat":"repeat","background-position":"center center","background-size":"auto","background-attachment":"scroll","background-type":"","background-media":"","overlay-type":"","overlay-color":"","overlay-gradient":""}},"ast-content-background-meta":{"desktop":{"background-color":"var(--ast-global-color-5)","background-image":"","background-repeat":"repeat","background-position":"center center","background-size":"auto","background-attachment":"scroll","background-type":"","background-media":"","overlay-type":"","overlay-color":"","overlay-gradient":""},"tablet":{"background-color":"var(--ast-global-color-5)","background-image":"","background-repeat":"repeat","background-position":"center center","background-size":"auto","background-attachment":"scroll","background-type":"","background-media":"","overlay-type":"","overlay-color":"","overlay-gradient":""},"mobile":{"background-color":"var(--ast-global-color-5)","background-image":"","background-repeat":"repeat","background-position":"center center","background-size":"auto","background-attachment":"scroll","background-type":"","background-media":"","overlay-type":"","overlay-color":"","overlay-gradient":""}},"footnotes":""},"class_list":["post-1586","page","type-page","status-publish","hentry"],"rankMath":{"parentDomain":"hktattoosupply.com","noFollowDomains":[],"noFollowExcludeDomains":[],"noFollowExternalLinks":false,"featuredImageNotice":"Doporu\u010den\u00fd obr\u00e1zek by m\u011bl b\u00fdt alespo\u0148 200 x 200 pixel\u016f, aby jej bylo mo\u017en\u00e9 zachytit na Facebooku a na jin\u00fdch soci\u00e1ln\u00edch s\u00edt\u00edch.","pluginReviewed":false,"postSettings":{"linkSuggestions":true,"useFocusKeyword":false},"frontEndScore":false,"postName":"returns-refunds","permalinkFormat":"https:\/\/hktattoosupply.com\/cs\/%pagename%\/","showLockModifiedDate":true,"assessor":{"focusKeywordLink":"https:\/\/hktattoosupply.com\/wp-admin\/edit.php?focus_keyword=%focus_keyword%&post_type=%post_type%","hasTOCPlugin":true,"primaryTaxonomy":false,"serpData":{"title":"","description":"","focusKeywords":"","pillarContent":false,"canonicalUrl":"","breadcrumbTitle":"","advancedRobots":[],"facebookTitle":"","facebookDescription":"","facebookImage":"","facebookImageID":"","facebookHasOverlay":false,"facebookImageOverlay":"","facebookAuthor":"","twitterCardType":"","twitterUseFacebook":true,"twitterTitle":"","twitterDescription":"","twitterImage":"","twitterImageID":"","twitterHasOverlay":false,"twitterImageOverlay":"","twitterPlayerUrl":"","twitterPlayerSize":"","twitterPlayerStream":"","twitterPlayerStreamCtype":"","twitterAppDescription":"","twitterAppIphoneName":"","twitterAppIphoneID":"","twitterAppIphoneUrl":"","twitterAppIpadName":"","twitterAppIpadID":"","twitterAppIpadUrl":"","twitterAppGoogleplayName":"","twitterAppGoogleplayID":"","twitterAppGoogleplayUrl":"","twitterAppCountry":"","robots":{"index":true},"twitterAuthor":"u\u017eivatelsk\u00e9 jm\u00e9no","primaryTerm":0,"authorName":"HKTattooSupply","titleTemplate":"%title% %sep% %sitename%","descriptionTemplate":"%excerpt%","showScoreFrontend":true,"lockModifiedDate":false},"powerWords":[],"diacritics":{"A":"[\\u0041\\u24B6\\uFF21\\u00C0\\u00C1\\u00C2\\u1EA6\\u1EA4\\u1EAA\\u1EA8\\u00C3\\u0100\\u0102\\u1EB0\\u1EAE\\u1EB4\\u1EB2\\u0226\\u01E0\\u00C4\\u01DE\\u1EA2\\u00C5\\u01FA\\u01CD\\u0200\\u0202\\u1EA0\\u1EAC\\u1EB6\\u1E00\\u0104\\u023A\\u2C6F]","AA":"[\\uA732]","AE":"[\\u00C6\\u01FC\\u01E2]","AO":"[\\uA734]","AU":"[\\uA736]","AV":"[\\uA738\\uA73A]","AY":"[\\uA73C]","B":"[\\u0042\\u24B7\\uFF22\\u1E02\\u1E04\\u1E06\\u0243\\u0182\\u0181]","C":"[\\u0043\\u24B8\\uFF23\\u0106\\u0108\\u010A\\u010C\\u00C7\\u1E08\\u0187\\u023B\\uA73E]","D":"[\\u0044\\u24B9\\uFF24\\u1E0A\\u010E\\u1E0C\\u1E10\\u1E12\\u1E0E\\u0110\\u018B\\u018A\\u0189\\uA779]","DZ":"[\\u01F1\\u01C4]","Dz":"[\\u01F2\\u01C5]","E":"[\\u0045\\u24BA\\uFF25\\u00C8\\u00C9\\u00CA\\u1EC0\\u1EBE\\u1EC4\\u1EC2\\u1EBC\\u0112\\u1E14\\u1E16\\u0114\\u0116\\u00CB\\u1EBA\\u011A\\u0204\\u0206\\u1EB8\\u1EC6\\u0228\\u1E1C\\u0118\\u1E18\\u1E1A\\u0190\\u018E]","F":"[\\u0046\\u24BB\\uFF26\\u1E1E\\u0191\\uA77B]","G":"[\\u0047\\u24BC\\uFF27\\u01F4\\u011C\\u1E20\\u011E\\u0120\\u01E6\\u0122\\u01E4\\u0193\\uA7A0\\uA77D\\uA77E]","H":"[\\u0048\\u24BD\\uFF28\\u0124\\u1E22\\u1E26\\u021E\\u1E24\\u1E28\\u1E2A\\u0126\\u2C67\\u2C75\\uA78D]","I":"[\\u0049\\u24BE\\uFF29\\u00CC\\u00CD\\u00CE\\u0128\\u012A\\u012C\\u0130\\u00CF\\u1E2E\\u1EC8\\u01CF\\u0208\\u020A\\u1ECA\\u012E\\u1E2C\\u0197]","J":"[\\u004A\\u24BF\\uFF2A\\u0134\\u0248]","K":"[\\u004B\\u24C0\\uFF2B\\u1E30\\u01E8\\u1E32\\u0136\\u1E34\\u0198\\u2C69\\uA740\\uA742\\uA744\\uA7A2]","L":"[\\u004C\\u24C1\\uFF2C\\u013F\\u0139\\u013D\\u1E36\\u1E38\\u013B\\u1E3C\\u1E3A\\u0141\\u023D\\u2C62\\u2C60\\uA748\\uA746\\uA780]","LJ":"[\\u01C7]","Lj":"[\\u01C8]","M":"[\\u004D\\u24C2\\uFF2D\\u1E3E\\u1E40\\u1E42\\u2C6E\\u019C]","N":"[\\u004E\\u24C3\\uFF2E\\u01F8\\u0143\\u00D1\\u1E44\\u0147\\u1E46\\u0145\\u1E4A\\u1E48\\u0220\\u019D\\uA790\\uA7A4]","NJ":"[\\u01CA]","Nj":"[\\u01CB]","O":"[\\u004F\\u24C4\\uFF2F\\u00D2\\u00D3\\u00D4\\u1ED2\\u1ED0\\u1ED6\\u1ED4\\u00D5\\u1E4C\\u022C\\u1E4E\\u014C\\u1E50\\u1E52\\u014E\\u022E\\u0230\\u00D6\\u022A\\u1ECE\\u0150\\u01D1\\u020C\\u020E\\u01A0\\u1EDC\\u1EDA\\u1EE0\\u1EDE\\u1EE2\\u1ECC\\u1ED8\\u01EA\\u01EC\\u00D8\\u01FE\\u0186\\u019F\\uA74A\\uA74C]","OI":"[\\u01A2]","OO":"[\\uA74E]","OU":"[\\u0222]","P":"[\\u0050\\u24C5\\uFF30\\u1E54\\u1E56\\u01A4\\u2C63\\uA750\\uA752\\uA754]","Q":"[\\u0051\\u24C6\\uFF31\\uA756\\uA758\\u024A]","R":"[\\u0052\\u24C7\\uFF32\\u0154\\u1E58\\u0158\\u0210\\u0212\\u1E5A\\u1E5C\\u0156\\u1E5E\\u024C\\u2C64\\uA75A\\uA7A6\\uA782]","S":"[\\u0053\\u24C8\\uFF33\\u1E9E\\u015A\\u1E64\\u015C\\u1E60\\u0160\\u1E66\\u1E62\\u1E68\\u0218\\u015E\\u2C7E\\uA7A8\\uA784]","T":"[\\u0054\\u24C9\\uFF34\\u1E6A\\u0164\\u1E6C\\u021A\\u0162\\u1E70\\u1E6E\\u0166\\u01AC\\u01AE\\u023E\\uA786]","TZ":"[\\uA728]","U":"[\\u0055\\u24CA\\uFF35\\u00D9\\u00DA\\u00DB\\u0168\\u1E78\\u016A\\u1E7A\\u016C\\u00DC\\u01DB\\u01D7\\u01D5\\u01D9\\u1EE6\\u016E\\u0170\\u01D3\\u0214\\u0216\\u01AF\\u1EEA\\u1EE8\\u1EEE\\u1EEC\\u1EF0\\u1EE4\\u1E72\\u0172\\u1E76\\u1E74\\u0244]","V":"[\\u0056\\u24CB\\uFF36\\u1E7C\\u1E7E\\u01B2\\uA75E\\u0245]","VY":"[\\uA760]","W":"[\\u0057\\u24CC\\uFF37\\u1E80\\u1E82\\u0174\\u1E86\\u1E84\\u1E88\\u2C72]","X":"[\\u0058\\u24CD\\uFF38\\u1E8A\\u1E8C]","Y":"[\\u0059\\u24CE\\uFF39\\u1EF2\\u00DD\\u0176\\u1EF8\\u0232\\u1E8E\\u0178\\u1EF6\\u1EF4\\u01B3\\u024E\\u1EFE]","Z":"[\\u005A\\u24CF\\uFF3A\\u0179\\u1E90\\u017B\\u017D\\u1E92\\u1E94\\u01B5\\u0224\\u2C7F\\u2C6B\\uA762]","a":"[\\u0061\\u24D0\\uFF41\\u1E9A\\u00E0\\u00E1\\u00E2\\u1EA7\\u1EA5\\u1EAB\\u1EA9\\u00E3\\u0101\\u0103\\u1EB1\\u1EAF\\u1EB5\\u1EB3\\u0227\\u01E1\\u00E4\\u01DF\\u1EA3\\u00E5\\u01FB\\u01CE\\u0201\\u0203\\u1EA1\\u1EAD\\u1EB7\\u1E01\\u0105\\u2C65\\u0250]","aa":"[\\uA733]","ae":"[\\u00E6\\u01FD\\u01E3]","ao":"[\\uA735]","au":"[\\uA737]","av":"[\\uA739\\uA73B]","ay":"[\\uA73D]","b":"[\\u0062\\u24D1\\uFF42\\u1E03\\u1E05\\u1E07\\u0180\\u0183\\u0253]","c":"[\\u0063\\u24D2\\uFF43\\u0107\\u0109\\u010B\\u010D\\u00E7\\u1E09\\u0188\\u023C\\uA73F\\u2184]","d":"[\\u0064\\u24D3\\uFF44\\u1E0B\\u010F\\u1E0D\\u1E11\\u1E13\\u1E0F\\u0111\\u018C\\u0256\\u0257\\uA77A]","dz":"[\\u01F3\\u01C6]","e":"[\\u0065\\u24D4\\uFF45\\u00E8\\u00E9\\u00EA\\u1EC1\\u1EBF\\u1EC5\\u1EC3\\u1EBD\\u0113\\u1E15\\u1E17\\u0115\\u0117\\u00EB\\u1EBB\\u011B\\u0205\\u0207\\u1EB9\\u1EC7\\u0229\\u1E1D\\u0119\\u1E19\\u1E1B\\u0247\\u025B\\u01DD]","f":"[\\u0066\\u24D5\\uFF46\\u1E1F\\u0192\\uA77C]","g":"[\\u0067\\u24D6\\uFF47\\u01F5\\u011D\\u1E21\\u011F\\u0121\\u01E7\\u0123\\u01E5\\u0260\\uA7A1\\u1D79\\uA77F]","h":"[\\u0068\\u24D7\\uFF48\\u0125\\u1E23\\u1E27\\u021F\\u1E25\\u1E29\\u1E2B\\u1E96\\u0127\\u2C68\\u2C76\\u0265]","hv":"[\\u0195]","i":"[\\u0069\\u24D8\\uFF49\\u00EC\\u00ED\\u00EE\\u0129\\u012B\\u012D\\u00EF\\u1E2F\\u1EC9\\u01D0\\u0209\\u020B\\u1ECB\\u012F\\u1E2D\\u0268\\u0131]","j":"[\\u006A\\u24D9\\uFF4A\\u0135\\u01F0\\u0249]","k":"[\\u006B\\u24DA\\uFF4B\\u1E31\\u01E9\\u1E33\\u0137\\u1E35\\u0199\\u2C6A\\uA741\\uA743\\uA745\\uA7A3]","l":"[\\u006C\\u24DB\\uFF4C\\u0140\\u013A\\u013E\\u1E37\\u1E39\\u013C\\u1E3D\\u1E3B\\u017F\\u0142\\u019A\\u026B\\u2C61\\uA749\\uA781\\uA747]","lj":"[\\u01C9]","m":"[\\u006D\\u24DC\\uFF4D\\u1E3F\\u1E41\\u1E43\\u0271\\u026F]","n":"[\\u006E\\u24DD\\uFF4E\\u01F9\\u0144\\u00F1\\u1E45\\u0148\\u1E47\\u0146\\u1E4B\\u1E49\\u019E\\u0272\\u0149\\uA791\\uA7A5]","nj":"[\\u01CC]","o":"[\\u006F\\u24DE\\uFF4F\\u00F2\\u00F3\\u00F4\\u1ED3\\u1ED1\\u1ED7\\u1ED5\\u00F5\\u1E4D\\u022D\\u1E4F\\u014D\\u1E51\\u1E53\\u014F\\u022F\\u0231\\u00F6\\u022B\\u1ECF\\u0151\\u01D2\\u020D\\u020F\\u01A1\\u1EDD\\u1EDB\\u1EE1\\u1EDF\\u1EE3\\u1ECD\\u1ED9\\u01EB\\u01ED\\u00F8\\u01FF\\u0254\\uA74B\\uA74D\\u0275]","oi":"[\\u01A3]","ou":"[\\u0223]","oo":"[\\uA74F]","p":"[\\u0070\\u24DF\\uFF50\\u1E55\\u1E57\\u01A5\\u1D7D\\uA751\\uA753\\uA755]","q":"[\\u0071\\u24E0\\uFF51\\u024B\\uA757\\uA759]","r":"[\\u0072\\u24E1\\uFF52\\u0155\\u1E59\\u0159\\u0211\\u0213\\u1E5B\\u1E5D\\u0157\\u1E5F\\u024D\\u027D\\uA75B\\uA7A7\\uA783]","s":"[\\u0073\\u24E2\\uFF53\\u015B\\u1E65\\u015D\\u1E61\\u0161\\u1E67\\u1E63\\u1E69\\u0219\\u015F\\u023F\\uA7A9\\uA785\\u1E9B]","ss":"[\\u00DF]","t":"[\\u0074\\u24E3\\uFF54\\u1E6B\\u1E97\\u0165\\u1E6D\\u021B\\u0163\\u1E71\\u1E6F\\u0167\\u01AD\\u0288\\u2C66\\uA787]","tz":"[\\uA729]","u":"[\\u0075\\u24E4\\uFF55\\u00F9\\u00FA\\u00FB\\u0169\\u1E79\\u016B\\u1E7B\\u016D\\u00FC\\u01DC\\u01D8\\u01D6\\u01DA\\u1EE7\\u016F\\u0171\\u01D4\\u0215\\u0217\\u01B0\\u1EEB\\u1EE9\\u1EEF\\u1EED\\u1EF1\\u1EE5\\u1E73\\u0173\\u1E77\\u1E75\\u0289]","v":"[\\u0076\\u24E5\\uFF56\\u1E7D\\u1E7F\\u028B\\uA75F\\u028C]","vy":"[\\uA761]","w":"[\\u0077\\u24E6\\uFF57\\u1E81\\u1E83\\u0175\\u1E87\\u1E85\\u1E98\\u1E89\\u2C73]","x":"[\\u0078\\u24E7\\uFF58\\u1E8B\\u1E8D]","y":"[\\u0079\\u24E8\\uFF59\\u1EF3\\u00FD\\u0177\\u1EF9\\u0233\\u1E8F\\u00FF\\u1EF7\\u1E99\\u1EF5\\u01B4\\u024F\\u1EFF]","z":"[\\u007A\\u24E9\\uFF5A\\u017A\\u1E91\\u017C\\u017E\\u1E93\\u1E95\\u01B6\\u0225\\u0240\\u2C6C\\uA763]"},"researchesTests":["contentHasTOC","contentHasShortParagraphs","contentHasAssets","keywordInTitle","keywordInMetaDescription","keywordInPermalink","keywordIn10Percent","keywordInContent","keywordInSubheadings","keywordInImageAlt","keywordDensity","keywordNotUsed","lengthContent","lengthPermalink","linksHasInternal","linksHasExternals","linksNotAllExternals","titleStartWithKeyword","titleSentiment","titleHasPowerWords","titleHasNumber","hasContentAI"],"hasRedirection":true,"hasBreadcrumb":true},"homeUrl":"https:\/\/hktattoosupply.com\/cs","objectID":1586,"objectType":"post","locale":"cs","localeFull":"cs_CZ","overlayImages":{"play":{"name":"Ikona p\u0159ehr\u00e1v\u00e1n\u00ed","url":"https:\/\/hktattoosupply.com\/wp-content\/plugins\/seo-by-rank-math\/assets\/admin\/img\/icon-play.png","path":"\/home\/u975252611\/domains\/hktattoosupply.com\/public_html\/wp-content\/plugins\/seo-by-rank-math\/assets\/admin\/img\/icon-play.png","position":"middle_center"},"gif":{"name":"GIF ikona","url":"https:\/\/hktattoosupply.com\/wp-content\/plugins\/seo-by-rank-math\/assets\/admin\/img\/icon-gif.png","path":"\/home\/u975252611\/domains\/hktattoosupply.com\/public_html\/wp-content\/plugins\/seo-by-rank-math\/assets\/admin\/img\/icon-gif.png","position":"middle_center"}},"defautOgImage":"https:\/\/hktattoosupply.com\/wp-content\/plugins\/seo-by-rank-math\/assets\/admin\/img\/social-placeholder.jpg","customPermalinks":true,"isUserRegistered":true,"autoSuggestKeywords":true,"connectSiteUrl":"https:\/\/rankmath.com\/auth?site=https%3A%2F%2Fhktattoosupply.com%2Fcs&r=https%3A%2F%2Fhktattoosupply.com%2Fcs%2Fwp-json%2Fwp%2Fv2%2Fpages%2F1586%3Fnonce%3Dc410e04c7a","maxTags":5,"trendsIcon":"<svg viewBox=\"0 0 610 610\"><path d=\"M18.85,446,174.32,290.48l58.08,58.08L76.93,504a14.54,14.54,0,0,1-20.55,0L18.83,466.48a14.54,14.54,0,0,1,0-20.55Z\" style=\"fill:#4285f4\"\/><path d=\"M242.65,242.66,377.59,377.6l-47.75,47.75a14.54,14.54,0,0,1-20.55,0L174.37,290.43l47.75-47.75A14.52,14.52,0,0,1,242.65,242.66Z\" style=\"fill:#ea4335\"\/><polygon points=\"319.53 319.53 479.26 159.8 537.34 217.88 377.61 377.62 319.53 319.53\" style=\"fill:#fabb05\"\/><path d=\"M594.26,262.73V118.61h0a16.94,16.94,0,0,0-16.94-16.94H433.2a16.94,16.94,0,0,0-12,28.92L565.34,274.71h0a16.94,16.94,0,0,0,28.92-12Z\" style=\"fill:#34a853\"\/><rect width=\"610\" height=\"610\" style=\"fill:none\"\/><\/svg>","showScore":true,"siteFavIcon":"https:\/\/hktattoosupply.com\/wp-content\/uploads\/2023\/12\/cropped-HK-e1702208301763-32x32.jpg","canUser":{"general":false,"advanced":false,"snippet":false,"social":false,"analysis":false,"analytics":false,"content_ai":false},"showKeywordIntent":true,"isPro":false,"is_front_page":false,"trendsUpgradeLink":"https:\/\/rankmath.com\/pricing\/?utm_source=Plugin&utm_medium=CE%20General%20Tab%20Trends&utm_campaign=WP","trendsUpgradeLabel":"Upgradovat","trendsPreviewImage":"https:\/\/hktattoosupply.com\/wp-content\/plugins\/seo-by-rank-math\/assets\/admin\/img\/trends-preview.jpg","currentEditor":false,"homepageData":{"assessor":{"powerWords":[],"diacritics":true,"researchesTests":["contentHasTOC","contentHasShortParagraphs","contentHasAssets","keywordInTitle","keywordInMetaDescription","keywordInPermalink","keywordIn10Percent","keywordInContent","keywordInSubheadings","keywordInImageAlt","keywordDensity","keywordNotUsed","lengthContent","lengthPermalink","linksHasInternal","linksHasExternals","linksNotAllExternals","titleStartWithKeyword","titleSentiment","titleHasPowerWords","titleHasNumber","hasContentAI"],"hasBreadcrumb":true,"serpData":{"title":"%sitename% %page% %sep% %sitedesc%","description":"","titleTemplate":"%sitename% %page% %sep% %sitedesc%","descriptionTemplate":"","focusKeywords":"","breadcrumbTitle":"Home","robots":{"index":true},"advancedRobots":[],"facebookTitle":"","facebookDescription":"","facebookImage":"","facebookImageID":""}}},"tocTitle":"Table of Contents","tocExcludeHeadings":[],"listStyle":"ul"},"_links":{"self":[{"href":"https:\/\/hktattoosupply.com\/cs\/wp-json\/wp\/v2\/pages\/1586","targetHints":{"allow":["GET"]}}],"collection":[{"href":"https:\/\/hktattoosupply.com\/cs\/wp-json\/wp\/v2\/pages"}],"about":[{"href":"https:\/\/hktattoosupply.com\/cs\/wp-json\/wp\/v2\/types\/page"}],"author":[{"embeddable":true,"href":"https:\/\/hktattoosupply.com\/cs\/wp-json\/wp\/v2\/users\/1"}],"replies":[{"embeddable":true,"href":"https:\/\/hktattoosupply.com\/cs\/wp-json\/wp\/v2\/comments?post=1586"}],"version-history":[{"count":3,"href":"https:\/\/hktattoosupply.com\/cs\/wp-json\/wp\/v2\/pages\/1586\/revisions"}],"predecessor-version":[{"id":1645,"href":"https:\/\/hktattoosupply.com\/cs\/wp-json\/wp\/v2\/pages\/1586\/revisions\/1645"}],"wp:attachment":[{"href":"https:\/\/hktattoosupply.com\/cs\/wp-json\/wp\/v2\/media?parent=1586"}],"curies":[{"name":"wp","href":"https:\/\/api.w.org\/{rel}","templated":true}]}}