{"id":1386,"date":"2023-11-06T13:46:24","date_gmt":"2023-11-06T05:46:24","guid":{"rendered":"https:\/\/hktattoosupply.com\/?post_type=product&#038;p=1386"},"modified":"2023-12-11T17:24:16","modified_gmt":"2023-12-11T09:24:16","slug":"hk-tattoo-needle-cartridge-sample","status":"publish","type":"product","link":"https:\/\/hktattoosupply.com\/cs\/produkt\/hk-tattoo-needle-cartridge-sample\/","title":{"rendered":"HK Tetovac\u00ed jehla Kazeta Vzorek 20ks RL\/RS\/RM\/M1"},"content":{"rendered":"","protected":false},"excerpt":{"rendered":"<p>Ne\u017e si n\u00e1s vyberete jako obchodn\u00edho partnera, poskytneme vzorky k testov\u00e1n\u00ed a po \u00fasp\u011b\u0161n\u00e9m testu budeme pokra\u010dovat v podnik\u00e1n\u00ed.Poskytujeme 15$ krabici vzork\u016f k testov\u00e1n\u00ed, v\u0161echny velikosti maj\u00ed stejnou cenu, p\u0159i zad\u00e1v\u00e1n\u00ed objedn\u00e1vky si pros\u00edm poznamenejte velikost jehlov\u00e9 kazety, kterou chcete otestovat. N\u00e1klady na dopravu budou uvedeny na str\u00e1nce pokladny.<\/p>\n<p>&nbsp;<\/p>","protected":false},"featured_media":892,"comment_status":"open","ping_status":"closed","template":"","meta":{"site-sidebar-layout":"default","site-content-layout":"","ast-site-content-layout":"default","site-content-style":"default","site-sidebar-style":"default","ast-global-header-display":"","ast-banner-title-visibility":"","ast-main-header-display":"","ast-hfb-above-header-display":"","ast-hfb-below-header-display":"","ast-hfb-mobile-header-display":"","site-post-title":"","ast-breadcrumbs-content":"","ast-featured-img":"","footer-sml-layout":"","theme-transparent-header-meta":"default","adv-header-id-meta":"","stick-header-meta":"","header-above-stick-meta":"","header-main-stick-meta":"","header-below-stick-meta":"","astra-migrate-meta-layouts":"set","ast-page-background-enabled":"default","ast-page-background-meta":{"desktop":{"background-color":"","background-image":"","background-repeat":"repeat","background-position":"center center","background-size":"auto","background-attachment":"scroll","background-type":"","background-media":"","overlay-type":"","overlay-color":"","overlay-gradient":""},"tablet":{"background-color":"","background-image":"","background-repeat":"repeat","background-position":"center center","background-size":"auto","background-attachment":"scroll","background-type":"","background-media":"","overlay-type":"","overlay-color":"","overlay-gradient":""},"mobile":{"background-color":"","background-image":"","background-repeat":"repeat","background-position":"center center","background-size":"auto","background-attachment":"scroll","background-type":"","background-media":"","overlay-type":"","overlay-color":"","overlay-gradient":""}},"ast-content-background-meta":{"desktop":{"background-color":"var(--ast-global-color-5)","background-image":"","background-repeat":"repeat","background-position":"center center","background-size":"auto","background-attachment":"scroll","background-type":"","background-media":"","overlay-type":"","overlay-color":"","overlay-gradient":""},"tablet":{"background-color":"var(--ast-global-color-5)","background-image":"","background-repeat":"repeat","background-position":"center center","background-size":"auto","background-attachment":"scroll","background-type":"","background-media":"","overlay-type":"","overlay-color":"","overlay-gradient":""},"mobile":{"background-color":"var(--ast-global-color-5)","background-image":"","background-repeat":"repeat","background-position":"center center","background-size":"auto","background-attachment":"scroll","background-type":"","background-media":"","overlay-type":"","overlay-color":"","overlay-gradient":""}}},"product_cat":[23],"product_tag":[],"class_list":{"0":"post-1386","1":"product","2":"type-product","3":"status-publish","4":"has-post-thumbnail","6":"product_cat-tattoo-needle-cartridges","7":"desktop-align-left","8":"tablet-align-left","9":"mobile-align-left","11":"first","12":"instock","13":"shipping-taxable","14":"purchasable","15":"product-type-simple"},"_links":{"self":[{"href":"https:\/\/hktattoosupply.com\/cs\/wp-json\/wp\/v2\/product\/1386","targetHints":{"allow":["GET"]}}],"collection":[{"href":"https:\/\/hktattoosupply.com\/cs\/wp-json\/wp\/v2\/product"}],"about":[{"href":"https:\/\/hktattoosupply.com\/cs\/wp-json\/wp\/v2\/types\/product"}],"replies":[{"embeddable":true,"href":"https:\/\/hktattoosupply.com\/cs\/wp-json\/wp\/v2\/comments?post=1386"}],"wp:featuredmedia":[{"embeddable":true,"href":"https:\/\/hktattoosupply.com\/cs\/wp-json\/wp\/v2\/media\/892"}],"wp:attachment":[{"href":"https:\/\/hktattoosupply.com\/cs\/wp-json\/wp\/v2\/media?parent=1386"}],"wp:term":[{"taxonomy":"product_cat","embeddable":true,"href":"https:\/\/hktattoosupply.com\/cs\/wp-json\/wp\/v2\/product_cat?post=1386"},{"taxonomy":"product_tag","embeddable":true,"href":"https:\/\/hktattoosupply.com\/cs\/wp-json\/wp\/v2\/product_tag?post=1386"}],"curies":[{"name":"wp","href":"https:\/\/api.w.org\/{rel}","templated":true}]}}