{"id":1508,"date":"2023-12-07T15:07:24","date_gmt":"2023-12-07T07:07:24","guid":{"rendered":"https:\/\/hktattoosupply.com\/?post_type=product&#038;p=1508"},"modified":"2023-12-16T23:24:40","modified_gmt":"2023-12-16T15:24:40","slug":"tattoo-thermal-stencil-printer","status":"publish","type":"product","link":"https:\/\/hktattoosupply.com\/cs\/produkt\/tattoo-thermal-stencil-printer\/","title":{"rendered":"Term\u00e1ln\u00ed tisk\u00e1rna Mini Tattoo Stencil Printer"},"content":{"rendered":"","protected":false},"excerpt":{"rendered":"<p>Vyzkou\u0161ejte budoucnost tetov\u00e1n\u00ed pomoc\u00ed na\u0161\u00ed miniaturn\u00ed term\u00e1ln\u00ed tisk\u00e1rny.Lehk\u00e1 a snadno p\u0159enosn\u00e1, pr\u00e1ce s<a href=\"https:\/\/hktattoosupply.com\/cs\/produkt\/spirit-tattoo-stencil-thermal-transfer-paper\/\"><strong> pap\u00edr pro p\u0159enos tetov\u00e1n\u00ed spiritem<\/strong><\/a>, aby byl volbou pro profesion\u00e1ln\u00ed um\u011blce.<\/p>\n<p><strong>Funkce<\/strong><\/p>\n<ul>\n<li>Rozm\u011bry: 262 (D) \u00d7 57 (\u0160) \u00d7 29 (V) mm<\/li>\n<li>Hmotnost: 498 g<\/li>\n<li>Baterie: 1200mAh<\/li>\n<li>Rozhran\u00ed: Typ-c-usb<\/li>\n<li>IOS &amp; Android &amp; Google Play &amp; Bluetooth connect APP use, PC connect use.<\/li>\n<li>P\u0159enosn\u00e1 tisk\u00e1rna \u0161ablon na tetov\u00e1n\u00ed<\/li>\n<li>jednolet\u00e1 z\u00e1ruka<\/li>\n<\/ul>\n<p><strong>Bal\u00ed\u010dek<\/strong><\/p>\n<ul>\n<li>1x tisk\u00e1rna<\/li>\n<li>1x nap\u00e1jec\u00ed veden\u00ed<\/li>\n<li>1x manu\u00e1l<\/li>\n<\/ul>\n<p>&nbsp;<\/p>\n<p>&nbsp;<\/p>\n<p>&nbsp;<\/p>","protected":false},"featured_media":1515,"comment_status":"open","ping_status":"closed","template":"","meta":{"site-sidebar-layout":"default","site-content-layout":"","ast-site-content-layout":"default","site-content-style":"default","site-sidebar-style":"default","ast-global-header-display":"","ast-banner-title-visibility":"","ast-main-header-display":"","ast-hfb-above-header-display":"","ast-hfb-below-header-display":"","ast-hfb-mobile-header-display":"","site-post-title":"","ast-breadcrumbs-content":"","ast-featured-img":"","footer-sml-layout":"","theme-transparent-header-meta":"default","adv-header-id-meta":"","stick-header-meta":"","header-above-stick-meta":"","header-main-stick-meta":"","header-below-stick-meta":"","astra-migrate-meta-layouts":"set","ast-page-background-enabled":"default","ast-page-background-meta":{"desktop":{"background-color":"","background-image":"","background-repeat":"repeat","background-position":"center center","background-size":"auto","background-attachment":"scroll","background-type":"","background-media":"","overlay-type":"","overlay-color":"","overlay-gradient":""},"tablet":{"background-color":"","background-image":"","background-repeat":"repeat","background-position":"center center","background-size":"auto","background-attachment":"scroll","background-type":"","background-media":"","overlay-type":"","overlay-color":"","overlay-gradient":""},"mobile":{"background-color":"","background-image":"","background-repeat":"repeat","background-position":"center center","background-size":"auto","background-attachment":"scroll","background-type":"","background-media":"","overlay-type":"","overlay-color":"","overlay-gradient":""}},"ast-content-background-meta":{"desktop":{"background-color":"var(--ast-global-color-5)","background-image":"","background-repeat":"repeat","background-position":"center center","background-size":"auto","background-attachment":"scroll","background-type":"","background-media":"","overlay-type":"","overlay-color":"","overlay-gradient":""},"tablet":{"background-color":"var(--ast-global-color-5)","background-image":"","background-repeat":"repeat","background-position":"center center","background-size":"auto","background-attachment":"scroll","background-type":"","background-media":"","overlay-type":"","overlay-color":"","overlay-gradient":""},"mobile":{"background-color":"var(--ast-global-color-5)","background-image":"","background-repeat":"repeat","background-position":"center center","background-size":"auto","background-attachment":"scroll","background-type":"","background-media":"","overlay-type":"","overlay-color":"","overlay-gradient":""}}},"product_cat":[24],"product_tag":[],"class_list":{"0":"post-1508","1":"product","2":"type-product","3":"status-publish","4":"has-post-thumbnail","6":"product_cat-accessories","7":"desktop-align-left","8":"tablet-align-left","9":"mobile-align-left","11":"first","12":"instock","13":"shipping-taxable","14":"purchasable","15":"product-type-simple"},"_links":{"self":[{"href":"https:\/\/hktattoosupply.com\/cs\/wp-json\/wp\/v2\/product\/1508","targetHints":{"allow":["GET"]}}],"collection":[{"href":"https:\/\/hktattoosupply.com\/cs\/wp-json\/wp\/v2\/product"}],"about":[{"href":"https:\/\/hktattoosupply.com\/cs\/wp-json\/wp\/v2\/types\/product"}],"replies":[{"embeddable":true,"href":"https:\/\/hktattoosupply.com\/cs\/wp-json\/wp\/v2\/comments?post=1508"}],"wp:featuredmedia":[{"embeddable":true,"href":"https:\/\/hktattoosupply.com\/cs\/wp-json\/wp\/v2\/media\/1515"}],"wp:attachment":[{"href":"https:\/\/hktattoosupply.com\/cs\/wp-json\/wp\/v2\/media?parent=1508"}],"wp:term":[{"taxonomy":"product_cat","embeddable":true,"href":"https:\/\/hktattoosupply.com\/cs\/wp-json\/wp\/v2\/product_cat?post=1508"},{"taxonomy":"product_tag","embeddable":true,"href":"https:\/\/hktattoosupply.com\/cs\/wp-json\/wp\/v2\/product_tag?post=1508"}],"curies":[{"name":"wp","href":"https:\/\/api.w.org\/{rel}","templated":true}]}}