{"id":1689,"date":"2023-12-16T23:18:40","date_gmt":"2023-12-16T15:18:40","guid":{"rendered":"https:\/\/hktattoosupply.com\/?post_type=product&#038;p=1689"},"modified":"2023-12-16T23:18:40","modified_gmt":"2023-12-16T15:18:40","slug":"portable-tattoo-workstation","status":"publish","type":"product","link":"https:\/\/hktattoosupply.com\/cs\/produkt\/portable-tattoo-workstation\/","title":{"rendered":"P\u0159enosn\u00e1 tetovac\u00ed stanice"},"content":{"rendered":"","protected":false},"excerpt":{"rendered":"<p>Jedn\u00e1 se o d\u016fle\u017eit\u00fd n\u00e1bytek pro tetovac\u00ed d\u00edlnu, jako p\u0159enosn\u00e9 tetovac\u00ed pracovi\u0161t\u011b, tak\u00e9 jako kuf\u0159\u00edk na tetovac\u00ed n\u00e1stroje, komplexn\u00ed vyu\u017eit\u00ed pro profesion\u00e1ln\u00ed um\u011blce.<\/p>\n<p><strong>Funkce<\/strong><\/p>\n<ul>\n<li>Vyrobeno z nerezov\u00e9 oceli 304, odoln\u00e9 pro dlouhou \u017eivotnost<\/li>\n<li>Demontovateln\u00e1 konstrukce, kter\u00e1 usnad\u0148uje a usnad\u0148uje cestov\u00e1n\u00ed<\/li>\n<li>Lehk\u00fd a p\u0159enosn\u00fd, dostate\u010dn\u011b lehk\u00fd, abyste jej mohli um\u00edstit kamkoli pot\u0159ebujete<\/li>\n<\/ul>\n<p><strong>Bal\u00ed\u010dek<\/strong><\/p>\n<ul>\n<li>Tetovac\u00ed pracovi\u0161t\u011b x1<\/li>\n<\/ul>\n<p>&nbsp;<\/p>","protected":false},"featured_media":1693,"comment_status":"open","ping_status":"closed","template":"","meta":{"site-sidebar-layout":"default","site-content-layout":"","ast-site-content-layout":"default","site-content-style":"default","site-sidebar-style":"default","ast-global-header-display":"","ast-banner-title-visibility":"","ast-main-header-display":"","ast-hfb-above-header-display":"","ast-hfb-below-header-display":"","ast-hfb-mobile-header-display":"","site-post-title":"","ast-breadcrumbs-content":"","ast-featured-img":"","footer-sml-layout":"","theme-transparent-header-meta":"default","adv-header-id-meta":"","stick-header-meta":"","header-above-stick-meta":"","header-main-stick-meta":"","header-below-stick-meta":"","astra-migrate-meta-layouts":"set","ast-page-background-enabled":"default","ast-page-background-meta":{"desktop":{"background-color":"","background-image":"","background-repeat":"repeat","background-position":"center center","background-size":"auto","background-attachment":"scroll","background-type":"","background-media":"","overlay-type":"","overlay-color":"","overlay-gradient":""},"tablet":{"background-color":"","background-image":"","background-repeat":"repeat","background-position":"center center","background-size":"auto","background-attachment":"scroll","background-type":"","background-media":"","overlay-type":"","overlay-color":"","overlay-gradient":""},"mobile":{"background-color":"","background-image":"","background-repeat":"repeat","background-position":"center center","background-size":"auto","background-attachment":"scroll","background-type":"","background-media":"","overlay-type":"","overlay-color":"","overlay-gradient":""}},"ast-content-background-meta":{"desktop":{"background-color":"var(--ast-global-color-5)","background-image":"","background-repeat":"repeat","background-position":"center center","background-size":"auto","background-attachment":"scroll","background-type":"","background-media":"","overlay-type":"","overlay-color":"","overlay-gradient":""},"tablet":{"background-color":"var(--ast-global-color-5)","background-image":"","background-repeat":"repeat","background-position":"center center","background-size":"auto","background-attachment":"scroll","background-type":"","background-media":"","overlay-type":"","overlay-color":"","overlay-gradient":""},"mobile":{"background-color":"var(--ast-global-color-5)","background-image":"","background-repeat":"repeat","background-position":"center center","background-size":"auto","background-attachment":"scroll","background-type":"","background-media":"","overlay-type":"","overlay-color":"","overlay-gradient":""}}},"product_cat":[24],"product_tag":[],"class_list":{"0":"post-1689","1":"product","2":"type-product","3":"status-publish","4":"has-post-thumbnail","6":"product_cat-accessories","7":"desktop-align-left","8":"tablet-align-left","9":"mobile-align-left","11":"first","12":"instock","13":"shipping-taxable","14":"purchasable","15":"product-type-simple"},"_links":{"self":[{"href":"https:\/\/hktattoosupply.com\/cs\/wp-json\/wp\/v2\/product\/1689","targetHints":{"allow":["GET"]}}],"collection":[{"href":"https:\/\/hktattoosupply.com\/cs\/wp-json\/wp\/v2\/product"}],"about":[{"href":"https:\/\/hktattoosupply.com\/cs\/wp-json\/wp\/v2\/types\/product"}],"replies":[{"embeddable":true,"href":"https:\/\/hktattoosupply.com\/cs\/wp-json\/wp\/v2\/comments?post=1689"}],"wp:featuredmedia":[{"embeddable":true,"href":"https:\/\/hktattoosupply.com\/cs\/wp-json\/wp\/v2\/media\/1693"}],"wp:attachment":[{"href":"https:\/\/hktattoosupply.com\/cs\/wp-json\/wp\/v2\/media?parent=1689"}],"wp:term":[{"taxonomy":"product_cat","embeddable":true,"href":"https:\/\/hktattoosupply.com\/cs\/wp-json\/wp\/v2\/product_cat?post=1689"},{"taxonomy":"product_tag","embeddable":true,"href":"https:\/\/hktattoosupply.com\/cs\/wp-json\/wp\/v2\/product_tag?post=1689"}],"curies":[{"name":"wp","href":"https:\/\/api.w.org\/{rel}","templated":true}]}}