{"id":1741,"date":"2023-12-20T21:21:48","date_gmt":"2023-12-20T13:21:48","guid":{"rendered":"https:\/\/hktattoosupply.com\/?post_type=product&#038;p=1741"},"modified":"2023-12-20T21:22:14","modified_gmt":"2023-12-20T13:22:14","slug":"biggest-tattoo-needle","status":"publish","type":"product","link":"https:\/\/hktattoosupply.com\/da\/vare\/biggest-tattoo-needle\/","title":{"rendered":"St\u00f8rste tatoveringsn\u00e5l rund magnum 10 stk."},"content":{"rendered":"","protected":false},"excerpt":{"rendered":"<p>HK's st\u00f8rste tatoveringsn\u00e5l er skabt - velegnet til skyggem\u00f8nstre i store omr\u00e5der. Perfekt praktisk og overkommelig, popul\u00e6r blandt kunstnere.<\/p>\n<p><strong>Funktioner<\/strong><\/p>\n<ul>\n<li>St\u00f8rste tatoveringsn\u00e5l, der er velegnet til skyggem\u00f8nstre i store omr\u00e5der<\/li>\n<li>Fremstillet af rustfrit 316L-st\u00e5l af h\u00f8j kvalitet<\/li>\n<li>Hver enkelt er pakket individuelt for at sikre absolut medicinsk hygiejne<\/li>\n<li>Kompatibel med de fleste penne til tatoveringsmaskiner p\u00e5 markedet.<\/li>\n<\/ul>\n<p><strong>Parametre<\/strong><\/p>\n<ul>\n<li>Konfiguration: Rund Magnum\/ RM<\/li>\n<li>Konusst\u00f8rrelse: M-konus (3,0 mm)<\/li>\n<li>N\u00e5lens diameter: 0,35 mm (starter med 12)<\/li>\n<li>Antal kasser: 10 stk.<\/li>\n<li>Farve: Gr\u00e5 gennemsigtig spids<\/li>\n<li>Form: Enkelt formet kabinet<\/li>\n<li>Hygiejnisk standard: Plastspidser af medicinsk kvalitet<\/li>\n<\/ul>","protected":false},"featured_media":1748,"comment_status":"open","ping_status":"closed","template":"","meta":{"site-sidebar-layout":"default","site-content-layout":"","ast-site-content-layout":"default","site-content-style":"default","site-sidebar-style":"default","ast-global-header-display":"","ast-banner-title-visibility":"","ast-main-header-display":"","ast-hfb-above-header-display":"","ast-hfb-below-header-display":"","ast-hfb-mobile-header-display":"","site-post-title":"","ast-breadcrumbs-content":"","ast-featured-img":"","footer-sml-layout":"","theme-transparent-header-meta":"default","adv-header-id-meta":"","stick-header-meta":"","header-above-stick-meta":"","header-main-stick-meta":"","header-below-stick-meta":"","astra-migrate-meta-layouts":"set","ast-page-background-enabled":"default","ast-page-background-meta":{"desktop":{"background-color":"","background-image":"","background-repeat":"repeat","background-position":"center center","background-size":"auto","background-attachment":"scroll","background-type":"","background-media":"","overlay-type":"","overlay-color":"","overlay-gradient":""},"tablet":{"background-color":"","background-image":"","background-repeat":"repeat","background-position":"center center","background-size":"auto","background-attachment":"scroll","background-type":"","background-media":"","overlay-type":"","overlay-color":"","overlay-gradient":""},"mobile":{"background-color":"","background-image":"","background-repeat":"repeat","background-position":"center center","background-size":"auto","background-attachment":"scroll","background-type":"","background-media":"","overlay-type":"","overlay-color":"","overlay-gradient":""}},"ast-content-background-meta":{"desktop":{"background-color":"var(--ast-global-color-5)","background-image":"","background-repeat":"repeat","background-position":"center center","background-size":"auto","background-attachment":"scroll","background-type":"","background-media":"","overlay-type":"","overlay-color":"","overlay-gradient":""},"tablet":{"background-color":"var(--ast-global-color-5)","background-image":"","background-repeat":"repeat","background-position":"center center","background-size":"auto","background-attachment":"scroll","background-type":"","background-media":"","overlay-type":"","overlay-color":"","overlay-gradient":""},"mobile":{"background-color":"var(--ast-global-color-5)","background-image":"","background-repeat":"repeat","background-position":"center center","background-size":"auto","background-attachment":"scroll","background-type":"","background-media":"","overlay-type":"","overlay-color":"","overlay-gradient":""}}},"product_cat":[23],"product_tag":[],"class_list":{"0":"post-1741","1":"product","2":"type-product","3":"status-publish","4":"has-post-thumbnail","6":"product_cat-tattoo-needle-cartridges","7":"desktop-align-left","8":"tablet-align-left","9":"mobile-align-left","11":"first","12":"instock","13":"shipping-taxable","14":"purchasable","15":"product-type-variable"},"_links":{"self":[{"href":"https:\/\/hktattoosupply.com\/da\/wp-json\/wp\/v2\/product\/1741","targetHints":{"allow":["GET"]}}],"collection":[{"href":"https:\/\/hktattoosupply.com\/da\/wp-json\/wp\/v2\/product"}],"about":[{"href":"https:\/\/hktattoosupply.com\/da\/wp-json\/wp\/v2\/types\/product"}],"replies":[{"embeddable":true,"href":"https:\/\/hktattoosupply.com\/da\/wp-json\/wp\/v2\/comments?post=1741"}],"wp:featuredmedia":[{"embeddable":true,"href":"https:\/\/hktattoosupply.com\/da\/wp-json\/wp\/v2\/media\/1748"}],"wp:attachment":[{"href":"https:\/\/hktattoosupply.com\/da\/wp-json\/wp\/v2\/media?parent=1741"}],"wp:term":[{"taxonomy":"product_cat","embeddable":true,"href":"https:\/\/hktattoosupply.com\/da\/wp-json\/wp\/v2\/product_cat?post=1741"},{"taxonomy":"product_tag","embeddable":true,"href":"https:\/\/hktattoosupply.com\/da\/wp-json\/wp\/v2\/product_tag?post=1741"}],"curies":[{"name":"wp","href":"https:\/\/api.w.org\/{rel}","templated":true}]}}