{"id":1675,"date":"2023-12-11T21:20:26","date_gmt":"2023-12-11T13:20:26","guid":{"rendered":"https:\/\/hktattoosupply.com\/?post_type=product&#038;p=1675"},"modified":"2023-12-16T23:24:07","modified_gmt":"2023-12-16T15:24:07","slug":"tattoo-practice-skin","status":"publish","type":"product","link":"https:\/\/hktattoosupply.com\/es\/producto\/tattoo-practice-skin\/","title":{"rendered":"Piel para pr\u00e1cticas de tatuaje y piel falsa 10pcs"},"content":{"rendered":"","protected":false},"excerpt":{"rendered":"<p>Nuestras pieles para pr\u00e1cticas de tatuaje tienen la mejor relaci\u00f3n calidad-precio que se puede pedir. Una gruesa base sint\u00e9tica reproduce el estiramiento y la tensi\u00f3n de la piel humana. Responden a <a href=\"https:\/\/hktattoosupply.com\/es\/hk-tattoo-cartridge\/\"><strong>aguja<\/strong><\/a> obtendr\u00e1s una idea real de lo que sentir\u00e1s al trabajar sobre la piel real. Adem\u00e1s, cada piel para practicar tatuajes es de doble cara, lo que te permitir\u00e1 practicar y perfeccionar hasta que no quede tinta.<\/p>\n<p><strong>Caracter\u00edsticas<\/strong><\/p>\n<ul>\n<li>Tama\u00f1o: 20cm x 30cm A4<\/li>\n<li>Grosor: 3mm<\/li>\n<li>Envasado individualmente<\/li>\n<li>Cantidad: 10 unidades<\/li>\n<li>Material sint\u00e9tico de silicona con tacto de piel natural<\/li>\n<li>Doble cara para m\u00faltiples usos<\/li>\n<li>Super sensible a las agujas<\/li>\n<\/ul>","protected":false},"featured_media":1677,"comment_status":"open","ping_status":"closed","template":"","meta":{"site-sidebar-layout":"default","site-content-layout":"","ast-site-content-layout":"default","site-content-style":"default","site-sidebar-style":"default","ast-global-header-display":"","ast-banner-title-visibility":"","ast-main-header-display":"","ast-hfb-above-header-display":"","ast-hfb-below-header-display":"","ast-hfb-mobile-header-display":"","site-post-title":"","ast-breadcrumbs-content":"","ast-featured-img":"","footer-sml-layout":"","theme-transparent-header-meta":"default","adv-header-id-meta":"","stick-header-meta":"","header-above-stick-meta":"","header-main-stick-meta":"","header-below-stick-meta":"","astra-migrate-meta-layouts":"set","ast-page-background-enabled":"default","ast-page-background-meta":{"desktop":{"background-color":"","background-image":"","background-repeat":"repeat","background-position":"center center","background-size":"auto","background-attachment":"scroll","background-type":"","background-media":"","overlay-type":"","overlay-color":"","overlay-gradient":""},"tablet":{"background-color":"","background-image":"","background-repeat":"repeat","background-position":"center center","background-size":"auto","background-attachment":"scroll","background-type":"","background-media":"","overlay-type":"","overlay-color":"","overlay-gradient":""},"mobile":{"background-color":"","background-image":"","background-repeat":"repeat","background-position":"center center","background-size":"auto","background-attachment":"scroll","background-type":"","background-media":"","overlay-type":"","overlay-color":"","overlay-gradient":""}},"ast-content-background-meta":{"desktop":{"background-color":"var(--ast-global-color-5)","background-image":"","background-repeat":"repeat","background-position":"center center","background-size":"auto","background-attachment":"scroll","background-type":"","background-media":"","overlay-type":"","overlay-color":"","overlay-gradient":""},"tablet":{"background-color":"var(--ast-global-color-5)","background-image":"","background-repeat":"repeat","background-position":"center center","background-size":"auto","background-attachment":"scroll","background-type":"","background-media":"","overlay-type":"","overlay-color":"","overlay-gradient":""},"mobile":{"background-color":"var(--ast-global-color-5)","background-image":"","background-repeat":"repeat","background-position":"center center","background-size":"auto","background-attachment":"scroll","background-type":"","background-media":"","overlay-type":"","overlay-color":"","overlay-gradient":""}}},"product_cat":[24],"product_tag":[],"class_list":{"0":"post-1675","1":"product","2":"type-product","3":"status-publish","4":"has-post-thumbnail","6":"product_cat-accessories","7":"desktop-align-left","8":"tablet-align-left","9":"mobile-align-left","11":"first","12":"instock","13":"shipping-taxable","14":"purchasable","15":"product-type-simple"},"_links":{"self":[{"href":"https:\/\/hktattoosupply.com\/es\/wp-json\/wp\/v2\/product\/1675","targetHints":{"allow":["GET"]}}],"collection":[{"href":"https:\/\/hktattoosupply.com\/es\/wp-json\/wp\/v2\/product"}],"about":[{"href":"https:\/\/hktattoosupply.com\/es\/wp-json\/wp\/v2\/types\/product"}],"replies":[{"embeddable":true,"href":"https:\/\/hktattoosupply.com\/es\/wp-json\/wp\/v2\/comments?post=1675"}],"wp:featuredmedia":[{"embeddable":true,"href":"https:\/\/hktattoosupply.com\/es\/wp-json\/wp\/v2\/media\/1677"}],"wp:attachment":[{"href":"https:\/\/hktattoosupply.com\/es\/wp-json\/wp\/v2\/media?parent=1675"}],"wp:term":[{"taxonomy":"product_cat","embeddable":true,"href":"https:\/\/hktattoosupply.com\/es\/wp-json\/wp\/v2\/product_cat?post=1675"},{"taxonomy":"product_tag","embeddable":true,"href":"https:\/\/hktattoosupply.com\/es\/wp-json\/wp\/v2\/product_tag?post=1675"}],"curies":[{"name":"wp","href":"https:\/\/api.w.org\/{rel}","templated":true}]}}