{"id":1741,"date":"2023-12-20T21:21:48","date_gmt":"2023-12-20T13:21:48","guid":{"rendered":"https:\/\/hktattoosupply.com\/?post_type=product&#038;p=1741"},"modified":"2023-12-20T21:22:14","modified_gmt":"2023-12-20T13:22:14","slug":"biggest-tattoo-needle","status":"publish","type":"product","link":"https:\/\/hktattoosupply.com\/es\/producto\/biggest-tattoo-needle\/","title":{"rendered":"Aguja de Tatuaje Grande Magnum Redonda 10pcs"},"content":{"rendered":"","protected":false},"excerpt":{"rendered":"<p>HK aguja de tatuaje m\u00e1s grande fue creado- adecuado para los patrones de \u00e1rea grande de sombreado. Perfectamente conveniente y asequible, popular aomong artistas.<\/p>\n<p><strong>Caracter\u00edsticas<\/strong><\/p>\n<ul>\n<li>Aguja de tatuaje m\u00e1s grande adecuada para patrones de sombreado de gran superficie<\/li>\n<li>Fabricado en acero inoxidable 316L de alta calidad<\/li>\n<li>Cada uno de ellos envasado individualmente para garantizar una higiene m\u00e9dica absoluta<\/li>\n<li>Compatible con la mayor\u00eda de bol\u00edgrafos para m\u00e1quinas de tatuar del mercado.<\/li>\n<\/ul>\n<p><strong>Par\u00e1metros<\/strong><\/p>\n<ul>\n<li>Configuraci\u00f3n: Redondo Magnum\/ RM<\/li>\n<li>Tama\u00f1o del cono: Conicidad M (3,0 mm)<\/li>\n<li>Di\u00e1metro de la aguja: 0,35 mm(empieza por 12)<\/li>\n<li>Cantidad de cajas: 10 unidades<\/li>\n<li>Color: Gris Punta transparente<\/li>\n<li>Molde: Molde \u00fanico<\/li>\n<li>Norma de higiene: Puntas de pl\u00e1stico de calidad m\u00e9dica<\/li>\n<\/ul>","protected":false},"featured_media":1748,"comment_status":"open","ping_status":"closed","template":"","meta":{"site-sidebar-layout":"default","site-content-layout":"","ast-site-content-layout":"default","site-content-style":"default","site-sidebar-style":"default","ast-global-header-display":"","ast-banner-title-visibility":"","ast-main-header-display":"","ast-hfb-above-header-display":"","ast-hfb-below-header-display":"","ast-hfb-mobile-header-display":"","site-post-title":"","ast-breadcrumbs-content":"","ast-featured-img":"","footer-sml-layout":"","theme-transparent-header-meta":"default","adv-header-id-meta":"","stick-header-meta":"","header-above-stick-meta":"","header-main-stick-meta":"","header-below-stick-meta":"","astra-migrate-meta-layouts":"set","ast-page-background-enabled":"default","ast-page-background-meta":{"desktop":{"background-color":"","background-image":"","background-repeat":"repeat","background-position":"center center","background-size":"auto","background-attachment":"scroll","background-type":"","background-media":"","overlay-type":"","overlay-color":"","overlay-gradient":""},"tablet":{"background-color":"","background-image":"","background-repeat":"repeat","background-position":"center center","background-size":"auto","background-attachment":"scroll","background-type":"","background-media":"","overlay-type":"","overlay-color":"","overlay-gradient":""},"mobile":{"background-color":"","background-image":"","background-repeat":"repeat","background-position":"center center","background-size":"auto","background-attachment":"scroll","background-type":"","background-media":"","overlay-type":"","overlay-color":"","overlay-gradient":""}},"ast-content-background-meta":{"desktop":{"background-color":"var(--ast-global-color-5)","background-image":"","background-repeat":"repeat","background-position":"center center","background-size":"auto","background-attachment":"scroll","background-type":"","background-media":"","overlay-type":"","overlay-color":"","overlay-gradient":""},"tablet":{"background-color":"var(--ast-global-color-5)","background-image":"","background-repeat":"repeat","background-position":"center center","background-size":"auto","background-attachment":"scroll","background-type":"","background-media":"","overlay-type":"","overlay-color":"","overlay-gradient":""},"mobile":{"background-color":"var(--ast-global-color-5)","background-image":"","background-repeat":"repeat","background-position":"center center","background-size":"auto","background-attachment":"scroll","background-type":"","background-media":"","overlay-type":"","overlay-color":"","overlay-gradient":""}}},"product_cat":[23],"product_tag":[],"class_list":{"0":"post-1741","1":"product","2":"type-product","3":"status-publish","4":"has-post-thumbnail","6":"product_cat-tattoo-needle-cartridges","7":"desktop-align-left","8":"tablet-align-left","9":"mobile-align-left","11":"first","12":"instock","13":"shipping-taxable","14":"purchasable","15":"product-type-variable"},"_links":{"self":[{"href":"https:\/\/hktattoosupply.com\/es\/wp-json\/wp\/v2\/product\/1741","targetHints":{"allow":["GET"]}}],"collection":[{"href":"https:\/\/hktattoosupply.com\/es\/wp-json\/wp\/v2\/product"}],"about":[{"href":"https:\/\/hktattoosupply.com\/es\/wp-json\/wp\/v2\/types\/product"}],"replies":[{"embeddable":true,"href":"https:\/\/hktattoosupply.com\/es\/wp-json\/wp\/v2\/comments?post=1741"}],"wp:featuredmedia":[{"embeddable":true,"href":"https:\/\/hktattoosupply.com\/es\/wp-json\/wp\/v2\/media\/1748"}],"wp:attachment":[{"href":"https:\/\/hktattoosupply.com\/es\/wp-json\/wp\/v2\/media?parent=1741"}],"wp:term":[{"taxonomy":"product_cat","embeddable":true,"href":"https:\/\/hktattoosupply.com\/es\/wp-json\/wp\/v2\/product_cat?post=1741"},{"taxonomy":"product_tag","embeddable":true,"href":"https:\/\/hktattoosupply.com\/es\/wp-json\/wp\/v2\/product_tag?post=1741"}],"curies":[{"name":"wp","href":"https:\/\/api.w.org\/{rel}","templated":true}]}}