{"id":1675,"date":"2023-12-11T21:20:26","date_gmt":"2023-12-11T13:20:26","guid":{"rendered":"https:\/\/hktattoosupply.com\/?post_type=product&#038;p=1675"},"modified":"2023-12-16T23:24:07","modified_gmt":"2023-12-16T15:24:07","slug":"tattoo-practice-skin","status":"publish","type":"product","link":"https:\/\/hktattoosupply.com\/fr\/produit\/tattoo-practice-skin\/","title":{"rendered":"Peau de pratique de tatouage et fausse peau 10pcs"},"content":{"rendered":"","protected":false},"excerpt":{"rendered":"<p>Nos peaux d'entra\u00eenement au tatouage sont le meilleur rapport qualit\u00e9-prix que vous puissiez demander. Une base synth\u00e9tique \u00e9paisse reproduit l'\u00e9tirement et la tension de la peau humaine. R\u00e9ceptives aux <a href=\"https:\/\/hktattoosupply.com\/fr\/hk-tattoo-cartridge\/\"><strong>aiguille<\/strong><\/a> Gr\u00e2ce \u00e0 ce retour d'information, vous aurez une id\u00e9e pr\u00e9cise de ce que vous ressentirez lorsque vous travaillerez sur de la vraie peau. Chaque peau d'entra\u00eenement au tatouage est \u00e9galement double face, ce qui vous permet de vous entra\u00eener et de vous perfectionner jusqu'\u00e0 ce qu'il ne reste plus d'encre.<\/p>\n<p><strong>Caract\u00e9ristiques<\/strong><\/p>\n<ul>\n<li>Taille : 20cm x 30cm A4<\/li>\n<li>\u00c9paisseur : 3mm<\/li>\n<li>Emballage individuel<\/li>\n<li>Quantit\u00e9 : 10 pi\u00e8ces<\/li>\n<li>Mat\u00e9riau synth\u00e9tique en silicone avec une sensation de peau naturelle<\/li>\n<li>Double face pour des utilisations multiples<\/li>\n<li>Tr\u00e8s r\u00e9actif aux aiguilles<\/li>\n<\/ul>","protected":false},"featured_media":1677,"comment_status":"open","ping_status":"closed","template":"","meta":{"site-sidebar-layout":"default","site-content-layout":"","ast-site-content-layout":"default","site-content-style":"default","site-sidebar-style":"default","ast-global-header-display":"","ast-banner-title-visibility":"","ast-main-header-display":"","ast-hfb-above-header-display":"","ast-hfb-below-header-display":"","ast-hfb-mobile-header-display":"","site-post-title":"","ast-breadcrumbs-content":"","ast-featured-img":"","footer-sml-layout":"","theme-transparent-header-meta":"default","adv-header-id-meta":"","stick-header-meta":"","header-above-stick-meta":"","header-main-stick-meta":"","header-below-stick-meta":"","astra-migrate-meta-layouts":"set","ast-page-background-enabled":"default","ast-page-background-meta":{"desktop":{"background-color":"","background-image":"","background-repeat":"repeat","background-position":"center center","background-size":"auto","background-attachment":"scroll","background-type":"","background-media":"","overlay-type":"","overlay-color":"","overlay-gradient":""},"tablet":{"background-color":"","background-image":"","background-repeat":"repeat","background-position":"center center","background-size":"auto","background-attachment":"scroll","background-type":"","background-media":"","overlay-type":"","overlay-color":"","overlay-gradient":""},"mobile":{"background-color":"","background-image":"","background-repeat":"repeat","background-position":"center center","background-size":"auto","background-attachment":"scroll","background-type":"","background-media":"","overlay-type":"","overlay-color":"","overlay-gradient":""}},"ast-content-background-meta":{"desktop":{"background-color":"var(--ast-global-color-5)","background-image":"","background-repeat":"repeat","background-position":"center center","background-size":"auto","background-attachment":"scroll","background-type":"","background-media":"","overlay-type":"","overlay-color":"","overlay-gradient":""},"tablet":{"background-color":"var(--ast-global-color-5)","background-image":"","background-repeat":"repeat","background-position":"center center","background-size":"auto","background-attachment":"scroll","background-type":"","background-media":"","overlay-type":"","overlay-color":"","overlay-gradient":""},"mobile":{"background-color":"var(--ast-global-color-5)","background-image":"","background-repeat":"repeat","background-position":"center center","background-size":"auto","background-attachment":"scroll","background-type":"","background-media":"","overlay-type":"","overlay-color":"","overlay-gradient":""}}},"product_cat":[24],"product_tag":[],"class_list":{"0":"post-1675","1":"product","2":"type-product","3":"status-publish","4":"has-post-thumbnail","6":"product_cat-accessories","7":"desktop-align-left","8":"tablet-align-left","9":"mobile-align-left","11":"first","12":"instock","13":"shipping-taxable","14":"purchasable","15":"product-type-simple"},"_links":{"self":[{"href":"https:\/\/hktattoosupply.com\/fr\/wp-json\/wp\/v2\/product\/1675","targetHints":{"allow":["GET"]}}],"collection":[{"href":"https:\/\/hktattoosupply.com\/fr\/wp-json\/wp\/v2\/product"}],"about":[{"href":"https:\/\/hktattoosupply.com\/fr\/wp-json\/wp\/v2\/types\/product"}],"replies":[{"embeddable":true,"href":"https:\/\/hktattoosupply.com\/fr\/wp-json\/wp\/v2\/comments?post=1675"}],"wp:featuredmedia":[{"embeddable":true,"href":"https:\/\/hktattoosupply.com\/fr\/wp-json\/wp\/v2\/media\/1677"}],"wp:attachment":[{"href":"https:\/\/hktattoosupply.com\/fr\/wp-json\/wp\/v2\/media?parent=1675"}],"wp:term":[{"taxonomy":"product_cat","embeddable":true,"href":"https:\/\/hktattoosupply.com\/fr\/wp-json\/wp\/v2\/product_cat?post=1675"},{"taxonomy":"product_tag","embeddable":true,"href":"https:\/\/hktattoosupply.com\/fr\/wp-json\/wp\/v2\/product_tag?post=1675"}],"curies":[{"name":"wp","href":"https:\/\/api.w.org\/{rel}","templated":true}]}}