{"id":1741,"date":"2023-12-20T21:21:48","date_gmt":"2023-12-20T13:21:48","guid":{"rendered":"https:\/\/hktattoosupply.com\/?post_type=product&#038;p=1741"},"modified":"2023-12-20T21:22:14","modified_gmt":"2023-12-20T13:22:14","slug":"biggest-tattoo-needle","status":"publish","type":"product","link":"https:\/\/hktattoosupply.com\/fr\/produit\/biggest-tattoo-needle\/","title":{"rendered":"Plus grande aiguille de tatouage ronde Magnum 10pcs"},"content":{"rendered":"","protected":false},"excerpt":{"rendered":"<p>La plus grande aiguille \u00e0 tatouer de HK a \u00e9t\u00e9 cr\u00e9\u00e9e - elle convient pour les motifs d'ombrage sur de grandes surfaces. Parfaitement pratique et abordable, elle est tr\u00e8s appr\u00e9ci\u00e9e des artistes.<\/p>\n<p><strong>Caract\u00e9ristiques<\/strong><\/p>\n<ul>\n<li>La plus grande aiguille de tatouage convient pour les motifs d'ombrage sur de grandes surfaces.<\/li>\n<li>Fabriqu\u00e9 en acier inoxydable 316L de haute qualit\u00e9<\/li>\n<li>Chaque produit est emball\u00e9 individuellement pour garantir une hygi\u00e8ne m\u00e9dicale absolue<\/li>\n<li>Compatible avec la plupart des machines \u00e0 tatouer du march\u00e9.<\/li>\n<\/ul>\n<p><strong>Param\u00e8tres<\/strong><\/p>\n<ul>\n<li>Configuration : Round Magnum\/ RM<\/li>\n<li>Taille du c\u00f4ne : C\u00f4ne M (3,0 mm)<\/li>\n<li>Diam\u00e8tre de l'aiguille : 0,35 mm (\u00e0 partir de 12)<\/li>\n<li>Quantit\u00e9 de bo\u00eetes : 10 pi\u00e8ces<\/li>\n<li>Couleur : Gris Pointe transparente<\/li>\n<li>Moule : Bo\u00eetier \u00e0 moule unique<\/li>\n<li>Norme d'hygi\u00e8ne : Embouts en plastique de qualit\u00e9 m\u00e9dicale<\/li>\n<\/ul>","protected":false},"featured_media":1748,"comment_status":"open","ping_status":"closed","template":"","meta":{"site-sidebar-layout":"default","site-content-layout":"","ast-site-content-layout":"default","site-content-style":"default","site-sidebar-style":"default","ast-global-header-display":"","ast-banner-title-visibility":"","ast-main-header-display":"","ast-hfb-above-header-display":"","ast-hfb-below-header-display":"","ast-hfb-mobile-header-display":"","site-post-title":"","ast-breadcrumbs-content":"","ast-featured-img":"","footer-sml-layout":"","theme-transparent-header-meta":"default","adv-header-id-meta":"","stick-header-meta":"","header-above-stick-meta":"","header-main-stick-meta":"","header-below-stick-meta":"","astra-migrate-meta-layouts":"set","ast-page-background-enabled":"default","ast-page-background-meta":{"desktop":{"background-color":"","background-image":"","background-repeat":"repeat","background-position":"center center","background-size":"auto","background-attachment":"scroll","background-type":"","background-media":"","overlay-type":"","overlay-color":"","overlay-gradient":""},"tablet":{"background-color":"","background-image":"","background-repeat":"repeat","background-position":"center center","background-size":"auto","background-attachment":"scroll","background-type":"","background-media":"","overlay-type":"","overlay-color":"","overlay-gradient":""},"mobile":{"background-color":"","background-image":"","background-repeat":"repeat","background-position":"center center","background-size":"auto","background-attachment":"scroll","background-type":"","background-media":"","overlay-type":"","overlay-color":"","overlay-gradient":""}},"ast-content-background-meta":{"desktop":{"background-color":"var(--ast-global-color-5)","background-image":"","background-repeat":"repeat","background-position":"center center","background-size":"auto","background-attachment":"scroll","background-type":"","background-media":"","overlay-type":"","overlay-color":"","overlay-gradient":""},"tablet":{"background-color":"var(--ast-global-color-5)","background-image":"","background-repeat":"repeat","background-position":"center center","background-size":"auto","background-attachment":"scroll","background-type":"","background-media":"","overlay-type":"","overlay-color":"","overlay-gradient":""},"mobile":{"background-color":"var(--ast-global-color-5)","background-image":"","background-repeat":"repeat","background-position":"center center","background-size":"auto","background-attachment":"scroll","background-type":"","background-media":"","overlay-type":"","overlay-color":"","overlay-gradient":""}}},"product_cat":[23],"product_tag":[],"class_list":{"0":"post-1741","1":"product","2":"type-product","3":"status-publish","4":"has-post-thumbnail","6":"product_cat-tattoo-needle-cartridges","7":"desktop-align-left","8":"tablet-align-left","9":"mobile-align-left","11":"first","12":"instock","13":"shipping-taxable","14":"purchasable","15":"product-type-variable"},"_links":{"self":[{"href":"https:\/\/hktattoosupply.com\/fr\/wp-json\/wp\/v2\/product\/1741","targetHints":{"allow":["GET"]}}],"collection":[{"href":"https:\/\/hktattoosupply.com\/fr\/wp-json\/wp\/v2\/product"}],"about":[{"href":"https:\/\/hktattoosupply.com\/fr\/wp-json\/wp\/v2\/types\/product"}],"replies":[{"embeddable":true,"href":"https:\/\/hktattoosupply.com\/fr\/wp-json\/wp\/v2\/comments?post=1741"}],"wp:featuredmedia":[{"embeddable":true,"href":"https:\/\/hktattoosupply.com\/fr\/wp-json\/wp\/v2\/media\/1748"}],"wp:attachment":[{"href":"https:\/\/hktattoosupply.com\/fr\/wp-json\/wp\/v2\/media?parent=1741"}],"wp:term":[{"taxonomy":"product_cat","embeddable":true,"href":"https:\/\/hktattoosupply.com\/fr\/wp-json\/wp\/v2\/product_cat?post=1741"},{"taxonomy":"product_tag","embeddable":true,"href":"https:\/\/hktattoosupply.com\/fr\/wp-json\/wp\/v2\/product_tag?post=1741"}],"curies":[{"name":"wp","href":"https:\/\/api.w.org\/{rel}","templated":true}]}}