{"id":1517,"date":"2023-12-07T16:28:55","date_gmt":"2023-12-07T08:28:55","guid":{"rendered":"https:\/\/hktattoosupply.com\/?post_type=product&#038;p=1517"},"modified":"2023-12-11T20:45:58","modified_gmt":"2023-12-11T12:45:58","slug":"spirit-tattoo-stencil-thermal-transfer-paper","status":"publish","type":"product","link":"https:\/\/hktattoosupply.com\/pl\/produkt\/spirit-tattoo-stencil-thermal-transfer-paper\/","title":{"rendered":"Papier termotransferowy Spirit Tattoo Stencil - 100 arkuszy"},"content":{"rendered":"","protected":false},"excerpt":{"rendered":"<p>100 arkuszy papieru termotransferowego do tatua\u017cu spirytusowego jest przeznaczonych dla profesjonalnych artyst\u00f3w, mo\u017ce pracowa\u0107 z ka\u017cdym normalnym tatua\u017cem. <a href=\"https:\/\/hktattoosupply.com\/pl\/produkt\/tattoo-thermal-stencil-printer\/\"><strong>maszyna termiczna\/szablonowa<\/strong><\/a>. Zawsze generuje sp\u00f3jne, wysokiej jako\u015bci obrazy i posiada certyfikat wega\u0144ski.<\/p>\n<p><strong>\u00a0Parametry<\/strong><\/p>\n<ul>\n<li>Papier termiczny Spirit wyprodukowany w USA<\/li>\n<li>Rozmiar: 11 x 8,5 cala<\/li>\n<li>Liczba: 100 arkuszy<\/li>\n<li>Kompatybilny ze wszystkimi\u00a0<a title=\"Termiczna drukarka szablonowa\" href=\"https:\/\/hktattoosupply.com\/pl\/produkt\/tattoo-thermal-stencil-printer\/\">drukarki termiczne<\/a><\/li>\n<li>Sp\u00f3jne obrazy wysokiej jako\u015bci<\/li>\n<li>Bezpieczny dla sk\u00f3ry i stabilny na p\u00f3\u0142ce<\/li>\n<li>Certyfikowany wega\u0144ski<\/li>\n<\/ul>\n<p>&nbsp;<\/p>\n<p>&nbsp;<\/p>","protected":false},"featured_media":1518,"comment_status":"open","ping_status":"closed","template":"","meta":{"site-sidebar-layout":"default","site-content-layout":"","ast-site-content-layout":"default","site-content-style":"default","site-sidebar-style":"default","ast-global-header-display":"","ast-banner-title-visibility":"","ast-main-header-display":"","ast-hfb-above-header-display":"","ast-hfb-below-header-display":"","ast-hfb-mobile-header-display":"","site-post-title":"","ast-breadcrumbs-content":"","ast-featured-img":"","footer-sml-layout":"","theme-transparent-header-meta":"default","adv-header-id-meta":"","stick-header-meta":"","header-above-stick-meta":"","header-main-stick-meta":"","header-below-stick-meta":"","astra-migrate-meta-layouts":"set","ast-page-background-enabled":"default","ast-page-background-meta":{"desktop":{"background-color":"","background-image":"","background-repeat":"repeat","background-position":"center center","background-size":"auto","background-attachment":"scroll","background-type":"","background-media":"","overlay-type":"","overlay-color":"","overlay-gradient":""},"tablet":{"background-color":"","background-image":"","background-repeat":"repeat","background-position":"center center","background-size":"auto","background-attachment":"scroll","background-type":"","background-media":"","overlay-type":"","overlay-color":"","overlay-gradient":""},"mobile":{"background-color":"","background-image":"","background-repeat":"repeat","background-position":"center center","background-size":"auto","background-attachment":"scroll","background-type":"","background-media":"","overlay-type":"","overlay-color":"","overlay-gradient":""}},"ast-content-background-meta":{"desktop":{"background-color":"var(--ast-global-color-5)","background-image":"","background-repeat":"repeat","background-position":"center center","background-size":"auto","background-attachment":"scroll","background-type":"","background-media":"","overlay-type":"","overlay-color":"","overlay-gradient":""},"tablet":{"background-color":"var(--ast-global-color-5)","background-image":"","background-repeat":"repeat","background-position":"center center","background-size":"auto","background-attachment":"scroll","background-type":"","background-media":"","overlay-type":"","overlay-color":"","overlay-gradient":""},"mobile":{"background-color":"var(--ast-global-color-5)","background-image":"","background-repeat":"repeat","background-position":"center center","background-size":"auto","background-attachment":"scroll","background-type":"","background-media":"","overlay-type":"","overlay-color":"","overlay-gradient":""}}},"product_cat":[24],"product_tag":[],"class_list":{"0":"post-1517","1":"product","2":"type-product","3":"status-publish","4":"has-post-thumbnail","6":"product_cat-accessories","7":"desktop-align-left","8":"tablet-align-left","9":"mobile-align-left","11":"first","12":"instock","13":"shipping-taxable","14":"purchasable","15":"product-type-simple"},"_links":{"self":[{"href":"https:\/\/hktattoosupply.com\/pl\/wp-json\/wp\/v2\/product\/1517","targetHints":{"allow":["GET"]}}],"collection":[{"href":"https:\/\/hktattoosupply.com\/pl\/wp-json\/wp\/v2\/product"}],"about":[{"href":"https:\/\/hktattoosupply.com\/pl\/wp-json\/wp\/v2\/types\/product"}],"replies":[{"embeddable":true,"href":"https:\/\/hktattoosupply.com\/pl\/wp-json\/wp\/v2\/comments?post=1517"}],"wp:featuredmedia":[{"embeddable":true,"href":"https:\/\/hktattoosupply.com\/pl\/wp-json\/wp\/v2\/media\/1518"}],"wp:attachment":[{"href":"https:\/\/hktattoosupply.com\/pl\/wp-json\/wp\/v2\/media?parent=1517"}],"wp:term":[{"taxonomy":"product_cat","embeddable":true,"href":"https:\/\/hktattoosupply.com\/pl\/wp-json\/wp\/v2\/product_cat?post=1517"},{"taxonomy":"product_tag","embeddable":true,"href":"https:\/\/hktattoosupply.com\/pl\/wp-json\/wp\/v2\/product_tag?post=1517"}],"curies":[{"name":"wp","href":"https:\/\/api.w.org\/{rel}","templated":true}]}}