{"id":1675,"date":"2023-12-11T21:20:26","date_gmt":"2023-12-11T13:20:26","guid":{"rendered":"https:\/\/hktattoosupply.com\/?post_type=product&#038;p=1675"},"modified":"2023-12-16T23:24:07","modified_gmt":"2023-12-16T15:24:07","slug":"tattoo-practice-skin","status":"publish","type":"product","link":"https:\/\/hktattoosupply.com\/pl\/produkt\/tattoo-practice-skin\/","title":{"rendered":"Sk\u00f3ra do \u0107wicze\u0144 tatua\u017cu i sztuczna sk\u00f3ra 10szt"},"content":{"rendered":"","protected":false},"excerpt":{"rendered":"<p>Nasze sk\u00f3rki do tatua\u017cu to najlepszy stosunek jako\u015bci do ceny, o jaki mo\u017cna prosi\u0107. Gruba syntetyczna podstawa odwzorowuje rozci\u0105gliwo\u015b\u0107 i napi\u0119cie ludzkiej sk\u00f3ry. Reaguj\u0105 na <a href=\"https:\/\/hktattoosupply.com\/pl\/hk-tattoo-cartridge\/\"><strong>ig\u0142a<\/strong><\/a> feedback, b\u0119dziesz m\u00f3g\u0142 poczu\u0107, jak to jest pracowa\u0107 na prawdziwej sk\u00f3rze. Ka\u017cda sk\u00f3rka do \u0107wiczenia tatua\u017cu jest r\u00f3wnie\u017c dwustronna, co pozwala \u0107wiczy\u0107 i doskonali\u0107, dop\u00f3ki nie pozostanie \u017caden atrament.<\/p>\n<p><strong>Cechy<\/strong><\/p>\n<ul>\n<li>Rozmiar: 20 cm x 30 cm A4<\/li>\n<li>Grubo\u015b\u0107: 3 mm<\/li>\n<li>Pakowane indywidualnie<\/li>\n<li>Ilo\u015b\u0107: 10 sztuk<\/li>\n<li>Syntetyczny, silikonowy materia\u0142 o naturalnym dotyku sk\u00f3ry<\/li>\n<li>Dwustronny do wielu zastosowa\u0144<\/li>\n<li>Doskona\u0142a reakcja na ig\u0142y<\/li>\n<\/ul>","protected":false},"featured_media":1677,"comment_status":"open","ping_status":"closed","template":"","meta":{"site-sidebar-layout":"default","site-content-layout":"","ast-site-content-layout":"default","site-content-style":"default","site-sidebar-style":"default","ast-global-header-display":"","ast-banner-title-visibility":"","ast-main-header-display":"","ast-hfb-above-header-display":"","ast-hfb-below-header-display":"","ast-hfb-mobile-header-display":"","site-post-title":"","ast-breadcrumbs-content":"","ast-featured-img":"","footer-sml-layout":"","theme-transparent-header-meta":"default","adv-header-id-meta":"","stick-header-meta":"","header-above-stick-meta":"","header-main-stick-meta":"","header-below-stick-meta":"","astra-migrate-meta-layouts":"set","ast-page-background-enabled":"default","ast-page-background-meta":{"desktop":{"background-color":"","background-image":"","background-repeat":"repeat","background-position":"center center","background-size":"auto","background-attachment":"scroll","background-type":"","background-media":"","overlay-type":"","overlay-color":"","overlay-gradient":""},"tablet":{"background-color":"","background-image":"","background-repeat":"repeat","background-position":"center center","background-size":"auto","background-attachment":"scroll","background-type":"","background-media":"","overlay-type":"","overlay-color":"","overlay-gradient":""},"mobile":{"background-color":"","background-image":"","background-repeat":"repeat","background-position":"center center","background-size":"auto","background-attachment":"scroll","background-type":"","background-media":"","overlay-type":"","overlay-color":"","overlay-gradient":""}},"ast-content-background-meta":{"desktop":{"background-color":"var(--ast-global-color-5)","background-image":"","background-repeat":"repeat","background-position":"center center","background-size":"auto","background-attachment":"scroll","background-type":"","background-media":"","overlay-type":"","overlay-color":"","overlay-gradient":""},"tablet":{"background-color":"var(--ast-global-color-5)","background-image":"","background-repeat":"repeat","background-position":"center center","background-size":"auto","background-attachment":"scroll","background-type":"","background-media":"","overlay-type":"","overlay-color":"","overlay-gradient":""},"mobile":{"background-color":"var(--ast-global-color-5)","background-image":"","background-repeat":"repeat","background-position":"center center","background-size":"auto","background-attachment":"scroll","background-type":"","background-media":"","overlay-type":"","overlay-color":"","overlay-gradient":""}}},"product_cat":[24],"product_tag":[],"class_list":{"0":"post-1675","1":"product","2":"type-product","3":"status-publish","4":"has-post-thumbnail","6":"product_cat-accessories","7":"desktop-align-left","8":"tablet-align-left","9":"mobile-align-left","11":"first","12":"instock","13":"shipping-taxable","14":"purchasable","15":"product-type-simple"},"_links":{"self":[{"href":"https:\/\/hktattoosupply.com\/pl\/wp-json\/wp\/v2\/product\/1675","targetHints":{"allow":["GET"]}}],"collection":[{"href":"https:\/\/hktattoosupply.com\/pl\/wp-json\/wp\/v2\/product"}],"about":[{"href":"https:\/\/hktattoosupply.com\/pl\/wp-json\/wp\/v2\/types\/product"}],"replies":[{"embeddable":true,"href":"https:\/\/hktattoosupply.com\/pl\/wp-json\/wp\/v2\/comments?post=1675"}],"wp:featuredmedia":[{"embeddable":true,"href":"https:\/\/hktattoosupply.com\/pl\/wp-json\/wp\/v2\/media\/1677"}],"wp:attachment":[{"href":"https:\/\/hktattoosupply.com\/pl\/wp-json\/wp\/v2\/media?parent=1675"}],"wp:term":[{"taxonomy":"product_cat","embeddable":true,"href":"https:\/\/hktattoosupply.com\/pl\/wp-json\/wp\/v2\/product_cat?post=1675"},{"taxonomy":"product_tag","embeddable":true,"href":"https:\/\/hktattoosupply.com\/pl\/wp-json\/wp\/v2\/product_tag?post=1675"}],"curies":[{"name":"wp","href":"https:\/\/api.w.org\/{rel}","templated":true}]}}