{"id":1741,"date":"2023-12-20T21:21:48","date_gmt":"2023-12-20T13:21:48","guid":{"rendered":"https:\/\/hktattoosupply.com\/?post_type=product&#038;p=1741"},"modified":"2023-12-20T21:22:14","modified_gmt":"2023-12-20T13:22:14","slug":"biggest-tattoo-needle","status":"publish","type":"product","link":"https:\/\/hktattoosupply.com\/pl\/produkt\/biggest-tattoo-needle\/","title":{"rendered":"Najwi\u0119ksza okr\u0105g\u0142a ig\u0142a do tatua\u017cu Magnum 10szt"},"content":{"rendered":"","protected":false},"excerpt":{"rendered":"<p>Stworzono najwi\u0119ksz\u0105 ig\u0142\u0119 do tatua\u017cu HK - odpowiedni\u0105 do cieniowania du\u017cych powierzchni. Idealnie wygodna i przyst\u0119pna cenowo, popularna w\u015br\u00f3d artyst\u00f3w.<\/p>\n<p><strong>Cechy<\/strong><\/p>\n<ul>\n<li>Najwi\u0119ksza ig\u0142a do tatua\u017cu odpowiednia do cieniowania du\u017cych powierzchni<\/li>\n<li>Wykonany z wysokiej jako\u015bci stali nierdzewnej 316L<\/li>\n<li>Ka\u017cdy z nich jest indywidualnie pakowany, aby zapewni\u0107 absolutn\u0105 higien\u0119 medyczn\u0105<\/li>\n<li>Kompatybilny z wi\u0119kszo\u015bci\u0105 dost\u0119pnych na rynku pisak\u00f3w do maszynek do tatua\u017cu.<\/li>\n<\/ul>\n<p><strong>Parametry<\/strong><\/p>\n<ul>\n<li>Konfiguracja: Round Magnum\/ RM<\/li>\n<li>Rozmiar sto\u017cka: Sto\u017cek M (3,0 mm)<\/li>\n<li>\u015arednica ig\u0142y: 0,35 mm (zaczyna si\u0119 od 12)<\/li>\n<li>Ilo\u015b\u0107 w pude\u0142ku: 10szt.<\/li>\n<li>Kolor: Szara, przezroczysta ko\u0144c\u00f3wka<\/li>\n<li>Forma: Obudowa z pojedyncz\u0105 form\u0105<\/li>\n<li>Standard higieny: Plastikowe ko\u0144c\u00f3wki klasy medycznej<\/li>\n<\/ul>","protected":false},"featured_media":1748,"comment_status":"open","ping_status":"closed","template":"","meta":{"site-sidebar-layout":"default","site-content-layout":"","ast-site-content-layout":"default","site-content-style":"default","site-sidebar-style":"default","ast-global-header-display":"","ast-banner-title-visibility":"","ast-main-header-display":"","ast-hfb-above-header-display":"","ast-hfb-below-header-display":"","ast-hfb-mobile-header-display":"","site-post-title":"","ast-breadcrumbs-content":"","ast-featured-img":"","footer-sml-layout":"","theme-transparent-header-meta":"default","adv-header-id-meta":"","stick-header-meta":"","header-above-stick-meta":"","header-main-stick-meta":"","header-below-stick-meta":"","astra-migrate-meta-layouts":"set","ast-page-background-enabled":"default","ast-page-background-meta":{"desktop":{"background-color":"","background-image":"","background-repeat":"repeat","background-position":"center center","background-size":"auto","background-attachment":"scroll","background-type":"","background-media":"","overlay-type":"","overlay-color":"","overlay-gradient":""},"tablet":{"background-color":"","background-image":"","background-repeat":"repeat","background-position":"center center","background-size":"auto","background-attachment":"scroll","background-type":"","background-media":"","overlay-type":"","overlay-color":"","overlay-gradient":""},"mobile":{"background-color":"","background-image":"","background-repeat":"repeat","background-position":"center center","background-size":"auto","background-attachment":"scroll","background-type":"","background-media":"","overlay-type":"","overlay-color":"","overlay-gradient":""}},"ast-content-background-meta":{"desktop":{"background-color":"var(--ast-global-color-5)","background-image":"","background-repeat":"repeat","background-position":"center center","background-size":"auto","background-attachment":"scroll","background-type":"","background-media":"","overlay-type":"","overlay-color":"","overlay-gradient":""},"tablet":{"background-color":"var(--ast-global-color-5)","background-image":"","background-repeat":"repeat","background-position":"center center","background-size":"auto","background-attachment":"scroll","background-type":"","background-media":"","overlay-type":"","overlay-color":"","overlay-gradient":""},"mobile":{"background-color":"var(--ast-global-color-5)","background-image":"","background-repeat":"repeat","background-position":"center center","background-size":"auto","background-attachment":"scroll","background-type":"","background-media":"","overlay-type":"","overlay-color":"","overlay-gradient":""}}},"product_cat":[23],"product_tag":[],"class_list":{"0":"post-1741","1":"product","2":"type-product","3":"status-publish","4":"has-post-thumbnail","6":"product_cat-tattoo-needle-cartridges","7":"desktop-align-left","8":"tablet-align-left","9":"mobile-align-left","11":"first","12":"instock","13":"shipping-taxable","14":"purchasable","15":"product-type-variable"},"_links":{"self":[{"href":"https:\/\/hktattoosupply.com\/pl\/wp-json\/wp\/v2\/product\/1741","targetHints":{"allow":["GET"]}}],"collection":[{"href":"https:\/\/hktattoosupply.com\/pl\/wp-json\/wp\/v2\/product"}],"about":[{"href":"https:\/\/hktattoosupply.com\/pl\/wp-json\/wp\/v2\/types\/product"}],"replies":[{"embeddable":true,"href":"https:\/\/hktattoosupply.com\/pl\/wp-json\/wp\/v2\/comments?post=1741"}],"wp:featuredmedia":[{"embeddable":true,"href":"https:\/\/hktattoosupply.com\/pl\/wp-json\/wp\/v2\/media\/1748"}],"wp:attachment":[{"href":"https:\/\/hktattoosupply.com\/pl\/wp-json\/wp\/v2\/media?parent=1741"}],"wp:term":[{"taxonomy":"product_cat","embeddable":true,"href":"https:\/\/hktattoosupply.com\/pl\/wp-json\/wp\/v2\/product_cat?post=1741"},{"taxonomy":"product_tag","embeddable":true,"href":"https:\/\/hktattoosupply.com\/pl\/wp-json\/wp\/v2\/product_tag?post=1741"}],"curies":[{"name":"wp","href":"https:\/\/api.w.org\/{rel}","templated":true}]}}