{"id":1508,"date":"2023-12-07T15:07:24","date_gmt":"2023-12-07T07:07:24","guid":{"rendered":"https:\/\/hktattoosupply.com\/?post_type=product&#038;p=1508"},"modified":"2023-12-16T23:24:40","modified_gmt":"2023-12-16T15:24:40","slug":"tattoo-thermal-stencil-printer","status":"publish","type":"product","link":"https:\/\/hktattoosupply.com\/pt\/produto\/tattoo-thermal-stencil-printer\/","title":{"rendered":"Impressora t\u00e9rmica de est\u00eancil para mini tatuagens"},"content":{"rendered":"","protected":false},"excerpt":{"rendered":"<p>Experimente o futuro do stencil de tatuagem com a nossa mini impressora t\u00e9rmica para tatuagens.<a href=\"https:\/\/hktattoosupply.com\/pt\/produto\/spirit-tattoo-stencil-thermal-transfer-paper\/\"><strong> papel de transfer\u00eancia de tatuagens de esp\u00edrito<\/strong><\/a>A sua marca \u00e9 a escolha de um artista profissional.<\/p>\n<p><strong>Caracter\u00edsticas<\/strong><\/p>\n<ul>\n<li>Dimens\u00f5es: 262 (C) \u00d7 57 (L) \u00d7 29 (A) mm<\/li>\n<li>Peso: 498g<\/li>\n<li>Bateria: 1200mAh<\/li>\n<li>Interface: Tipo-c-usb<\/li>\n<li>IOS e Android e Google Play e utiliza\u00e7\u00e3o de APP de liga\u00e7\u00e3o Bluetooth, utiliza\u00e7\u00e3o de liga\u00e7\u00e3o ao PC.<\/li>\n<li>Impressora port\u00e1til de stencil para tatuagens<\/li>\n<li>garantia de um ano<\/li>\n<\/ul>\n<p><strong>Embalagem<\/strong><\/p>\n<ul>\n<li>1x Impressora<\/li>\n<li>1x Linha el\u00e9ctrica<\/li>\n<li>1x Manual<\/li>\n<\/ul>\n<p>&nbsp;<\/p>\n<p>&nbsp;<\/p>\n<p>&nbsp;<\/p>","protected":false},"featured_media":1515,"comment_status":"open","ping_status":"closed","template":"","meta":{"site-sidebar-layout":"default","site-content-layout":"","ast-site-content-layout":"default","site-content-style":"default","site-sidebar-style":"default","ast-global-header-display":"","ast-banner-title-visibility":"","ast-main-header-display":"","ast-hfb-above-header-display":"","ast-hfb-below-header-display":"","ast-hfb-mobile-header-display":"","site-post-title":"","ast-breadcrumbs-content":"","ast-featured-img":"","footer-sml-layout":"","theme-transparent-header-meta":"default","adv-header-id-meta":"","stick-header-meta":"","header-above-stick-meta":"","header-main-stick-meta":"","header-below-stick-meta":"","astra-migrate-meta-layouts":"set","ast-page-background-enabled":"default","ast-page-background-meta":{"desktop":{"background-color":"","background-image":"","background-repeat":"repeat","background-position":"center center","background-size":"auto","background-attachment":"scroll","background-type":"","background-media":"","overlay-type":"","overlay-color":"","overlay-gradient":""},"tablet":{"background-color":"","background-image":"","background-repeat":"repeat","background-position":"center center","background-size":"auto","background-attachment":"scroll","background-type":"","background-media":"","overlay-type":"","overlay-color":"","overlay-gradient":""},"mobile":{"background-color":"","background-image":"","background-repeat":"repeat","background-position":"center center","background-size":"auto","background-attachment":"scroll","background-type":"","background-media":"","overlay-type":"","overlay-color":"","overlay-gradient":""}},"ast-content-background-meta":{"desktop":{"background-color":"var(--ast-global-color-5)","background-image":"","background-repeat":"repeat","background-position":"center center","background-size":"auto","background-attachment":"scroll","background-type":"","background-media":"","overlay-type":"","overlay-color":"","overlay-gradient":""},"tablet":{"background-color":"var(--ast-global-color-5)","background-image":"","background-repeat":"repeat","background-position":"center center","background-size":"auto","background-attachment":"scroll","background-type":"","background-media":"","overlay-type":"","overlay-color":"","overlay-gradient":""},"mobile":{"background-color":"var(--ast-global-color-5)","background-image":"","background-repeat":"repeat","background-position":"center center","background-size":"auto","background-attachment":"scroll","background-type":"","background-media":"","overlay-type":"","overlay-color":"","overlay-gradient":""}}},"product_cat":[24],"product_tag":[],"class_list":{"0":"post-1508","1":"product","2":"type-product","3":"status-publish","4":"has-post-thumbnail","6":"product_cat-accessories","7":"desktop-align-left","8":"tablet-align-left","9":"mobile-align-left","11":"first","12":"instock","13":"shipping-taxable","14":"purchasable","15":"product-type-simple"},"_links":{"self":[{"href":"https:\/\/hktattoosupply.com\/pt\/wp-json\/wp\/v2\/product\/1508","targetHints":{"allow":["GET"]}}],"collection":[{"href":"https:\/\/hktattoosupply.com\/pt\/wp-json\/wp\/v2\/product"}],"about":[{"href":"https:\/\/hktattoosupply.com\/pt\/wp-json\/wp\/v2\/types\/product"}],"replies":[{"embeddable":true,"href":"https:\/\/hktattoosupply.com\/pt\/wp-json\/wp\/v2\/comments?post=1508"}],"wp:featuredmedia":[{"embeddable":true,"href":"https:\/\/hktattoosupply.com\/pt\/wp-json\/wp\/v2\/media\/1515"}],"wp:attachment":[{"href":"https:\/\/hktattoosupply.com\/pt\/wp-json\/wp\/v2\/media?parent=1508"}],"wp:term":[{"taxonomy":"product_cat","embeddable":true,"href":"https:\/\/hktattoosupply.com\/pt\/wp-json\/wp\/v2\/product_cat?post=1508"},{"taxonomy":"product_tag","embeddable":true,"href":"https:\/\/hktattoosupply.com\/pt\/wp-json\/wp\/v2\/product_tag?post=1508"}],"curies":[{"name":"wp","href":"https:\/\/api.w.org\/{rel}","templated":true}]}}