{"id":1675,"date":"2023-12-11T21:20:26","date_gmt":"2023-12-11T13:20:26","guid":{"rendered":"https:\/\/hktattoosupply.com\/?post_type=product&#038;p=1675"},"modified":"2023-12-16T23:24:07","modified_gmt":"2023-12-16T15:24:07","slug":"tattoo-practice-skin","status":"publish","type":"product","link":"https:\/\/hktattoosupply.com\/pt\/produto\/tattoo-practice-skin\/","title":{"rendered":"Pele para pr\u00e1tica de tatuagem e pele falsa 10pcs"},"content":{"rendered":"","protected":false},"excerpt":{"rendered":"<p>As nossas peles para pr\u00e1tica de tatuagem s\u00e3o a melhor rela\u00e7\u00e3o qualidade\/pre\u00e7o que pode pedir. Uma base sint\u00e9tica espessa replica a elasticidade e a tens\u00e3o da pele humana. Reage a <a href=\"https:\/\/hktattoosupply.com\/pt\/hk-tattoo-cartridge\/\"><strong>agulha<\/strong><\/a> Assim, com o feedback, ter\u00e1 uma verdadeira no\u00e7\u00e3o de como ser\u00e1 trabalhar na pele real. Cada pele de pr\u00e1tica de tatuagem \u00e9 tamb\u00e9m de dupla face, permitindo-lhe praticar e aperfei\u00e7oar at\u00e9 n\u00e3o restar tinta.<\/p>\n<p><strong>Caracter\u00edsticas<\/strong><\/p>\n<ul>\n<li>Tamanho: 20cm x 30cm A4<\/li>\n<li>Espessura: 3mm<\/li>\n<li>Embalagem individual<\/li>\n<li>Quantidade:10pcs<\/li>\n<li>Material sint\u00e9tico, de silicone, com toque natural na pele<\/li>\n<li>Dupla face para m\u00faltiplas utiliza\u00e7\u00f5es<\/li>\n<li>Super reativo \u00e0s agulhas<\/li>\n<\/ul>","protected":false},"featured_media":1677,"comment_status":"open","ping_status":"closed","template":"","meta":{"site-sidebar-layout":"default","site-content-layout":"","ast-site-content-layout":"default","site-content-style":"default","site-sidebar-style":"default","ast-global-header-display":"","ast-banner-title-visibility":"","ast-main-header-display":"","ast-hfb-above-header-display":"","ast-hfb-below-header-display":"","ast-hfb-mobile-header-display":"","site-post-title":"","ast-breadcrumbs-content":"","ast-featured-img":"","footer-sml-layout":"","theme-transparent-header-meta":"default","adv-header-id-meta":"","stick-header-meta":"","header-above-stick-meta":"","header-main-stick-meta":"","header-below-stick-meta":"","astra-migrate-meta-layouts":"set","ast-page-background-enabled":"default","ast-page-background-meta":{"desktop":{"background-color":"","background-image":"","background-repeat":"repeat","background-position":"center center","background-size":"auto","background-attachment":"scroll","background-type":"","background-media":"","overlay-type":"","overlay-color":"","overlay-gradient":""},"tablet":{"background-color":"","background-image":"","background-repeat":"repeat","background-position":"center center","background-size":"auto","background-attachment":"scroll","background-type":"","background-media":"","overlay-type":"","overlay-color":"","overlay-gradient":""},"mobile":{"background-color":"","background-image":"","background-repeat":"repeat","background-position":"center center","background-size":"auto","background-attachment":"scroll","background-type":"","background-media":"","overlay-type":"","overlay-color":"","overlay-gradient":""}},"ast-content-background-meta":{"desktop":{"background-color":"var(--ast-global-color-5)","background-image":"","background-repeat":"repeat","background-position":"center center","background-size":"auto","background-attachment":"scroll","background-type":"","background-media":"","overlay-type":"","overlay-color":"","overlay-gradient":""},"tablet":{"background-color":"var(--ast-global-color-5)","background-image":"","background-repeat":"repeat","background-position":"center center","background-size":"auto","background-attachment":"scroll","background-type":"","background-media":"","overlay-type":"","overlay-color":"","overlay-gradient":""},"mobile":{"background-color":"var(--ast-global-color-5)","background-image":"","background-repeat":"repeat","background-position":"center center","background-size":"auto","background-attachment":"scroll","background-type":"","background-media":"","overlay-type":"","overlay-color":"","overlay-gradient":""}}},"product_cat":[24],"product_tag":[],"class_list":{"0":"post-1675","1":"product","2":"type-product","3":"status-publish","4":"has-post-thumbnail","6":"product_cat-accessories","7":"desktop-align-left","8":"tablet-align-left","9":"mobile-align-left","11":"first","12":"instock","13":"shipping-taxable","14":"purchasable","15":"product-type-simple"},"_links":{"self":[{"href":"https:\/\/hktattoosupply.com\/pt\/wp-json\/wp\/v2\/product\/1675","targetHints":{"allow":["GET"]}}],"collection":[{"href":"https:\/\/hktattoosupply.com\/pt\/wp-json\/wp\/v2\/product"}],"about":[{"href":"https:\/\/hktattoosupply.com\/pt\/wp-json\/wp\/v2\/types\/product"}],"replies":[{"embeddable":true,"href":"https:\/\/hktattoosupply.com\/pt\/wp-json\/wp\/v2\/comments?post=1675"}],"wp:featuredmedia":[{"embeddable":true,"href":"https:\/\/hktattoosupply.com\/pt\/wp-json\/wp\/v2\/media\/1677"}],"wp:attachment":[{"href":"https:\/\/hktattoosupply.com\/pt\/wp-json\/wp\/v2\/media?parent=1675"}],"wp:term":[{"taxonomy":"product_cat","embeddable":true,"href":"https:\/\/hktattoosupply.com\/pt\/wp-json\/wp\/v2\/product_cat?post=1675"},{"taxonomy":"product_tag","embeddable":true,"href":"https:\/\/hktattoosupply.com\/pt\/wp-json\/wp\/v2\/product_tag?post=1675"}],"curies":[{"name":"wp","href":"https:\/\/api.w.org\/{rel}","templated":true}]}}