{"id":1508,"date":"2023-12-07T15:07:24","date_gmt":"2023-12-07T07:07:24","guid":{"rendered":"https:\/\/hktattoosupply.com\/?post_type=product&#038;p=1508"},"modified":"2023-12-16T23:24:40","modified_gmt":"2023-12-16T15:24:40","slug":"tattoo-thermal-stencil-printer","status":"publish","type":"product","link":"https:\/\/hktattoosupply.com\/sk\/produkt\/tattoo-thermal-stencil-printer\/","title":{"rendered":"Mini tla\u010diare\u0148 na term\u00e1lne \u0161abl\u00f3ny na tetovanie"},"content":{"rendered":"","protected":false},"excerpt":{"rendered":"<p>Za\u017eite bud\u00facnos\u0165 tetovania s na\u0161ou miniat\u00farnou tepelnou tla\u010diar\u0148ou na tetovanie.\u013dahk\u00e1 a \u013eahko prenosn\u00e1, pr\u00e1ca s<a href=\"https:\/\/hktattoosupply.com\/sk\/produkt\/spirit-tattoo-stencil-thermal-transfer-paper\/\"><strong> papier na prenos tetovania<\/strong><\/a>, aby sa stali vo\u013ebou pre profesion\u00e1lnych umelcov.<\/p>\n<p><strong>Funkcie<\/strong><\/p>\n<ul>\n<li>Rozmery: 262 (D) \u00d7 57 (\u0160) \u00d7 29 (V) mm<\/li>\n<li>Hmotnos\u0165: 498 g<\/li>\n<li>Bat\u00e9ria: 1200 mAh<\/li>\n<li>Rozhranie: Typ c-usb<\/li>\n<li>IOS &amp; Android &amp; Google Play &amp; Bluetooth pripojenie APP pou\u017eitie, PC pripojenie pou\u017eitie.<\/li>\n<li>Prenosn\u00e1 tla\u010diare\u0148 \u0161abl\u00f3n na tetovanie<\/li>\n<li>jednoro\u010dn\u00e1 z\u00e1ruka<\/li>\n<\/ul>\n<p><strong>Bal\u00edk<\/strong><\/p>\n<ul>\n<li>1x tla\u010diare\u0148<\/li>\n<li>1x nap\u00e1jacie vedenie<\/li>\n<li>1x manu\u00e1l<\/li>\n<\/ul>\n<p>&nbsp;<\/p>\n<p>&nbsp;<\/p>\n<p>&nbsp;<\/p>","protected":false},"featured_media":1515,"comment_status":"open","ping_status":"closed","template":"","meta":{"site-sidebar-layout":"default","site-content-layout":"","ast-site-content-layout":"default","site-content-style":"default","site-sidebar-style":"default","ast-global-header-display":"","ast-banner-title-visibility":"","ast-main-header-display":"","ast-hfb-above-header-display":"","ast-hfb-below-header-display":"","ast-hfb-mobile-header-display":"","site-post-title":"","ast-breadcrumbs-content":"","ast-featured-img":"","footer-sml-layout":"","theme-transparent-header-meta":"default","adv-header-id-meta":"","stick-header-meta":"","header-above-stick-meta":"","header-main-stick-meta":"","header-below-stick-meta":"","astra-migrate-meta-layouts":"set","ast-page-background-enabled":"default","ast-page-background-meta":{"desktop":{"background-color":"","background-image":"","background-repeat":"repeat","background-position":"center center","background-size":"auto","background-attachment":"scroll","background-type":"","background-media":"","overlay-type":"","overlay-color":"","overlay-gradient":""},"tablet":{"background-color":"","background-image":"","background-repeat":"repeat","background-position":"center center","background-size":"auto","background-attachment":"scroll","background-type":"","background-media":"","overlay-type":"","overlay-color":"","overlay-gradient":""},"mobile":{"background-color":"","background-image":"","background-repeat":"repeat","background-position":"center center","background-size":"auto","background-attachment":"scroll","background-type":"","background-media":"","overlay-type":"","overlay-color":"","overlay-gradient":""}},"ast-content-background-meta":{"desktop":{"background-color":"var(--ast-global-color-5)","background-image":"","background-repeat":"repeat","background-position":"center center","background-size":"auto","background-attachment":"scroll","background-type":"","background-media":"","overlay-type":"","overlay-color":"","overlay-gradient":""},"tablet":{"background-color":"var(--ast-global-color-5)","background-image":"","background-repeat":"repeat","background-position":"center center","background-size":"auto","background-attachment":"scroll","background-type":"","background-media":"","overlay-type":"","overlay-color":"","overlay-gradient":""},"mobile":{"background-color":"var(--ast-global-color-5)","background-image":"","background-repeat":"repeat","background-position":"center center","background-size":"auto","background-attachment":"scroll","background-type":"","background-media":"","overlay-type":"","overlay-color":"","overlay-gradient":""}}},"product_cat":[24],"product_tag":[],"class_list":{"0":"post-1508","1":"product","2":"type-product","3":"status-publish","4":"has-post-thumbnail","6":"product_cat-accessories","7":"desktop-align-left","8":"tablet-align-left","9":"mobile-align-left","11":"first","12":"instock","13":"shipping-taxable","14":"purchasable","15":"product-type-simple"},"_links":{"self":[{"href":"https:\/\/hktattoosupply.com\/sk\/wp-json\/wp\/v2\/product\/1508","targetHints":{"allow":["GET"]}}],"collection":[{"href":"https:\/\/hktattoosupply.com\/sk\/wp-json\/wp\/v2\/product"}],"about":[{"href":"https:\/\/hktattoosupply.com\/sk\/wp-json\/wp\/v2\/types\/product"}],"replies":[{"embeddable":true,"href":"https:\/\/hktattoosupply.com\/sk\/wp-json\/wp\/v2\/comments?post=1508"}],"wp:featuredmedia":[{"embeddable":true,"href":"https:\/\/hktattoosupply.com\/sk\/wp-json\/wp\/v2\/media\/1515"}],"wp:attachment":[{"href":"https:\/\/hktattoosupply.com\/sk\/wp-json\/wp\/v2\/media?parent=1508"}],"wp:term":[{"taxonomy":"product_cat","embeddable":true,"href":"https:\/\/hktattoosupply.com\/sk\/wp-json\/wp\/v2\/product_cat?post=1508"},{"taxonomy":"product_tag","embeddable":true,"href":"https:\/\/hktattoosupply.com\/sk\/wp-json\/wp\/v2\/product_tag?post=1508"}],"curies":[{"name":"wp","href":"https:\/\/api.w.org\/{rel}","templated":true}]}}