{"id":1517,"date":"2023-12-07T16:28:55","date_gmt":"2023-12-07T08:28:55","guid":{"rendered":"https:\/\/hktattoosupply.com\/?post_type=product&#038;p=1517"},"modified":"2023-12-11T20:45:58","modified_gmt":"2023-12-11T12:45:58","slug":"spirit-tattoo-stencil-thermal-transfer-paper","status":"publish","type":"product","link":"https:\/\/hktattoosupply.com\/sk\/produkt\/spirit-tattoo-stencil-thermal-transfer-paper\/","title":{"rendered":"Termotransferov\u00fd papier Spirit Tattoo Stencil - 100 listov"},"content":{"rendered":"","protected":false},"excerpt":{"rendered":"<p>100 listov \u0161abl\u00f3ny na tetovanie s tepeln\u00fdm prenosom papiera je vyroben\u00fdch pre profesion\u00e1lnych umelcov, m\u00f4\u017ee pracova\u0165 s ak\u00fdmko\u013evek norm\u00e1lnym <a href=\"https:\/\/hktattoosupply.com\/sk\/produkt\/tattoo-thermal-stencil-printer\/\"><strong>tepeln\u00fd\/\u0161abl\u00f3nov\u00fd stroj<\/strong><\/a>. V\u017edy vytv\u00e1ra konzistentn\u00e9 obr\u00e1zky vysokej kvality a je certifikovan\u00fd ako veg\u00e1nsky.<\/p>\n<p><strong>\u00a0Parametre<\/strong><\/p>\n<ul>\n<li>Term\u00e1lny papier Spirit vyroben\u00fd v USA<\/li>\n<li>Ve\u013ekos\u0165: 11 x 8,5 palca<\/li>\n<li>Po\u010det: 100 listov<\/li>\n<li>Kompatibiln\u00fd so v\u0161etk\u00fdmi\u00a0<a title=\"Term\u00e1lna tla\u010diare\u0148 \u0161abl\u00f3n\" href=\"https:\/\/hktattoosupply.com\/sk\/produkt\/tattoo-thermal-stencil-printer\/\">tepeln\u00e9 tla\u010diarne<\/a><\/li>\n<li>Konzistentn\u00e9 obr\u00e1zky vysokej kvality<\/li>\n<li>Bezpe\u010dn\u00e9 pre poko\u017eku a skladovate\u013en\u00e9<\/li>\n<li>Certifikovan\u00fd veg\u00e1nsky<\/li>\n<\/ul>\n<p>&nbsp;<\/p>\n<p>&nbsp;<\/p>","protected":false},"featured_media":1518,"comment_status":"open","ping_status":"closed","template":"","meta":{"site-sidebar-layout":"default","site-content-layout":"","ast-site-content-layout":"default","site-content-style":"default","site-sidebar-style":"default","ast-global-header-display":"","ast-banner-title-visibility":"","ast-main-header-display":"","ast-hfb-above-header-display":"","ast-hfb-below-header-display":"","ast-hfb-mobile-header-display":"","site-post-title":"","ast-breadcrumbs-content":"","ast-featured-img":"","footer-sml-layout":"","theme-transparent-header-meta":"default","adv-header-id-meta":"","stick-header-meta":"","header-above-stick-meta":"","header-main-stick-meta":"","header-below-stick-meta":"","astra-migrate-meta-layouts":"set","ast-page-background-enabled":"default","ast-page-background-meta":{"desktop":{"background-color":"","background-image":"","background-repeat":"repeat","background-position":"center center","background-size":"auto","background-attachment":"scroll","background-type":"","background-media":"","overlay-type":"","overlay-color":"","overlay-gradient":""},"tablet":{"background-color":"","background-image":"","background-repeat":"repeat","background-position":"center center","background-size":"auto","background-attachment":"scroll","background-type":"","background-media":"","overlay-type":"","overlay-color":"","overlay-gradient":""},"mobile":{"background-color":"","background-image":"","background-repeat":"repeat","background-position":"center center","background-size":"auto","background-attachment":"scroll","background-type":"","background-media":"","overlay-type":"","overlay-color":"","overlay-gradient":""}},"ast-content-background-meta":{"desktop":{"background-color":"var(--ast-global-color-5)","background-image":"","background-repeat":"repeat","background-position":"center center","background-size":"auto","background-attachment":"scroll","background-type":"","background-media":"","overlay-type":"","overlay-color":"","overlay-gradient":""},"tablet":{"background-color":"var(--ast-global-color-5)","background-image":"","background-repeat":"repeat","background-position":"center center","background-size":"auto","background-attachment":"scroll","background-type":"","background-media":"","overlay-type":"","overlay-color":"","overlay-gradient":""},"mobile":{"background-color":"var(--ast-global-color-5)","background-image":"","background-repeat":"repeat","background-position":"center center","background-size":"auto","background-attachment":"scroll","background-type":"","background-media":"","overlay-type":"","overlay-color":"","overlay-gradient":""}}},"product_cat":[24],"product_tag":[],"class_list":{"0":"post-1517","1":"product","2":"type-product","3":"status-publish","4":"has-post-thumbnail","6":"product_cat-accessories","7":"desktop-align-left","8":"tablet-align-left","9":"mobile-align-left","11":"first","12":"instock","13":"shipping-taxable","14":"purchasable","15":"product-type-simple"},"_links":{"self":[{"href":"https:\/\/hktattoosupply.com\/sk\/wp-json\/wp\/v2\/product\/1517","targetHints":{"allow":["GET"]}}],"collection":[{"href":"https:\/\/hktattoosupply.com\/sk\/wp-json\/wp\/v2\/product"}],"about":[{"href":"https:\/\/hktattoosupply.com\/sk\/wp-json\/wp\/v2\/types\/product"}],"replies":[{"embeddable":true,"href":"https:\/\/hktattoosupply.com\/sk\/wp-json\/wp\/v2\/comments?post=1517"}],"wp:featuredmedia":[{"embeddable":true,"href":"https:\/\/hktattoosupply.com\/sk\/wp-json\/wp\/v2\/media\/1518"}],"wp:attachment":[{"href":"https:\/\/hktattoosupply.com\/sk\/wp-json\/wp\/v2\/media?parent=1517"}],"wp:term":[{"taxonomy":"product_cat","embeddable":true,"href":"https:\/\/hktattoosupply.com\/sk\/wp-json\/wp\/v2\/product_cat?post=1517"},{"taxonomy":"product_tag","embeddable":true,"href":"https:\/\/hktattoosupply.com\/sk\/wp-json\/wp\/v2\/product_tag?post=1517"}],"curies":[{"name":"wp","href":"https:\/\/api.w.org\/{rel}","templated":true}]}}