{"id":1675,"date":"2023-12-11T21:20:26","date_gmt":"2023-12-11T13:20:26","guid":{"rendered":"https:\/\/hktattoosupply.com\/?post_type=product&#038;p=1675"},"modified":"2023-12-16T23:24:07","modified_gmt":"2023-12-16T15:24:07","slug":"tattoo-practice-skin","status":"publish","type":"product","link":"https:\/\/hktattoosupply.com\/sk\/produkt\/tattoo-practice-skin\/","title":{"rendered":"Tetovanie praxe ko\u017ee a falo\u0161n\u00e1 ko\u017ea 10ks"},"content":{"rendered":"","protected":false},"excerpt":{"rendered":"<p>Na\u0161e ko\u017ee na tetovanie s\u00fa najlep\u0161\u00edm pomerom ceny a kvality, ak\u00fd si m\u00f4\u017eete pria\u0165. Hrub\u00fd syntetick\u00fd z\u00e1klad kop\u00edruje elasticitu a nap\u00e4tie \u013eudskej ko\u017ee. Reaguje na <a href=\"https:\/\/hktattoosupply.com\/sk\/hk-tattoo-cartridge\/\"><strong>ihla<\/strong><\/a> sp\u00e4tn\u00fa v\u00e4zbu, z\u00edskate skuto\u010dn\u00fa predstavu o tom, ako sa v\u00e1m bude pracova\u0165 na skuto\u010dnej poko\u017eke. Ka\u017ed\u00e1 cvi\u010dn\u00e1 ko\u017ea na tetovanie je tie\u017e obojstrann\u00e1, \u010do v\u00e1m umo\u017en\u00ed cvi\u010di\u0165 a zdokona\u013eova\u0165 sa, k\u00fdm nezostane \u017eiadna farba.<\/p>\n<p><strong>Funkcie<\/strong><\/p>\n<ul>\n<li>Ve\u013ekos\u0165: 20 cm x 30 cm A4<\/li>\n<li>Hr\u00fabka: 3 mm<\/li>\n<li>Jednotlivo balen\u00e9<\/li>\n<li>Mno\u017estvo: 10 ks<\/li>\n<li>Syntetick\u00fd silik\u00f3nov\u00fd materi\u00e1l s prirodzen\u00fdm pocitom poko\u017eky<\/li>\n<li>Obojstrann\u00e9 na viacn\u00e1sobn\u00e9 pou\u017eitie<\/li>\n<li>Super citliv\u00fd na ihly<\/li>\n<\/ul>","protected":false},"featured_media":1677,"comment_status":"open","ping_status":"closed","template":"","meta":{"site-sidebar-layout":"default","site-content-layout":"","ast-site-content-layout":"default","site-content-style":"default","site-sidebar-style":"default","ast-global-header-display":"","ast-banner-title-visibility":"","ast-main-header-display":"","ast-hfb-above-header-display":"","ast-hfb-below-header-display":"","ast-hfb-mobile-header-display":"","site-post-title":"","ast-breadcrumbs-content":"","ast-featured-img":"","footer-sml-layout":"","theme-transparent-header-meta":"default","adv-header-id-meta":"","stick-header-meta":"","header-above-stick-meta":"","header-main-stick-meta":"","header-below-stick-meta":"","astra-migrate-meta-layouts":"set","ast-page-background-enabled":"default","ast-page-background-meta":{"desktop":{"background-color":"","background-image":"","background-repeat":"repeat","background-position":"center center","background-size":"auto","background-attachment":"scroll","background-type":"","background-media":"","overlay-type":"","overlay-color":"","overlay-gradient":""},"tablet":{"background-color":"","background-image":"","background-repeat":"repeat","background-position":"center center","background-size":"auto","background-attachment":"scroll","background-type":"","background-media":"","overlay-type":"","overlay-color":"","overlay-gradient":""},"mobile":{"background-color":"","background-image":"","background-repeat":"repeat","background-position":"center center","background-size":"auto","background-attachment":"scroll","background-type":"","background-media":"","overlay-type":"","overlay-color":"","overlay-gradient":""}},"ast-content-background-meta":{"desktop":{"background-color":"var(--ast-global-color-5)","background-image":"","background-repeat":"repeat","background-position":"center center","background-size":"auto","background-attachment":"scroll","background-type":"","background-media":"","overlay-type":"","overlay-color":"","overlay-gradient":""},"tablet":{"background-color":"var(--ast-global-color-5)","background-image":"","background-repeat":"repeat","background-position":"center center","background-size":"auto","background-attachment":"scroll","background-type":"","background-media":"","overlay-type":"","overlay-color":"","overlay-gradient":""},"mobile":{"background-color":"var(--ast-global-color-5)","background-image":"","background-repeat":"repeat","background-position":"center center","background-size":"auto","background-attachment":"scroll","background-type":"","background-media":"","overlay-type":"","overlay-color":"","overlay-gradient":""}}},"product_cat":[24],"product_tag":[],"class_list":{"0":"post-1675","1":"product","2":"type-product","3":"status-publish","4":"has-post-thumbnail","6":"product_cat-accessories","7":"desktop-align-left","8":"tablet-align-left","9":"mobile-align-left","11":"first","12":"instock","13":"shipping-taxable","14":"purchasable","15":"product-type-simple"},"_links":{"self":[{"href":"https:\/\/hktattoosupply.com\/sk\/wp-json\/wp\/v2\/product\/1675","targetHints":{"allow":["GET"]}}],"collection":[{"href":"https:\/\/hktattoosupply.com\/sk\/wp-json\/wp\/v2\/product"}],"about":[{"href":"https:\/\/hktattoosupply.com\/sk\/wp-json\/wp\/v2\/types\/product"}],"replies":[{"embeddable":true,"href":"https:\/\/hktattoosupply.com\/sk\/wp-json\/wp\/v2\/comments?post=1675"}],"wp:featuredmedia":[{"embeddable":true,"href":"https:\/\/hktattoosupply.com\/sk\/wp-json\/wp\/v2\/media\/1677"}],"wp:attachment":[{"href":"https:\/\/hktattoosupply.com\/sk\/wp-json\/wp\/v2\/media?parent=1675"}],"wp:term":[{"taxonomy":"product_cat","embeddable":true,"href":"https:\/\/hktattoosupply.com\/sk\/wp-json\/wp\/v2\/product_cat?post=1675"},{"taxonomy":"product_tag","embeddable":true,"href":"https:\/\/hktattoosupply.com\/sk\/wp-json\/wp\/v2\/product_tag?post=1675"}],"curies":[{"name":"wp","href":"https:\/\/api.w.org\/{rel}","templated":true}]}}