{"id":1741,"date":"2023-12-20T21:21:48","date_gmt":"2023-12-20T13:21:48","guid":{"rendered":"https:\/\/hktattoosupply.com\/?post_type=product&#038;p=1741"},"modified":"2023-12-20T21:22:14","modified_gmt":"2023-12-20T13:22:14","slug":"biggest-tattoo-needle","status":"publish","type":"product","link":"https:\/\/hktattoosupply.com\/sk\/produkt\/biggest-tattoo-needle\/","title":{"rendered":"Najv\u00e4\u010d\u0161ia tetovacia ihla Round Magnum 10ks"},"content":{"rendered":"","protected":false},"excerpt":{"rendered":"<p>Bola vytvoren\u00e1 najv\u00e4\u010d\u0161ia tetovacia ihla HK - vhodn\u00e1 na ve\u013ekoplo\u0161n\u00e9 vzory tie\u0148ovania. Dokonale pohodln\u00e1 a dostupn\u00e1, ob\u013e\u00faben\u00e1 medzi umelcami.<\/p>\n<p><strong>Funkcie<\/strong><\/p>\n<ul>\n<li>Najv\u00e4\u010d\u0161ia ihla na tetovanie vhodn\u00e1 na ve\u013ekoplo\u0161n\u00e9 vzory tie\u0148ovania<\/li>\n<li>Vyroben\u00e9 z vysoko kvalitnej nehrdzavej\u00facej ocele 316L<\/li>\n<li>Ka\u017ed\u00fd z nich je balen\u00fd samostatne, aby sa zabezpe\u010dila absol\u00fatna lek\u00e1rska hygiena<\/li>\n<li>Kompatibiln\u00fd s v\u00e4\u010d\u0161inou tetovac\u00edch pier na trhu.<\/li>\n<\/ul>\n<p><strong>Parametre<\/strong><\/p>\n<ul>\n<li>Konfigur\u00e1cia: Okr\u00fahly Magnum\/ RM<\/li>\n<li>Ve\u013ekos\u0165 ku\u017ee\u013ea: M ku\u017ee\u013e (3,0 mm)<\/li>\n<li>Priemer ihly: 0,35 mm (za\u010d\u00edna na 12)<\/li>\n<li>Mno\u017estvo v krabici: 10 ks<\/li>\n<li>Farba: Siv\u00e1 prieh\u013eadn\u00e1 \u0161pi\u010dka<\/li>\n<li>Plesne: Jednoformov\u00fd pl\u00e1\u0161\u0165<\/li>\n<li>Hygienick\u00e1 norma: Plastov\u00e9 \u0161pi\u010dky lek\u00e1rskej kvality<\/li>\n<\/ul>","protected":false},"featured_media":1748,"comment_status":"open","ping_status":"closed","template":"","meta":{"site-sidebar-layout":"default","site-content-layout":"","ast-site-content-layout":"default","site-content-style":"default","site-sidebar-style":"default","ast-global-header-display":"","ast-banner-title-visibility":"","ast-main-header-display":"","ast-hfb-above-header-display":"","ast-hfb-below-header-display":"","ast-hfb-mobile-header-display":"","site-post-title":"","ast-breadcrumbs-content":"","ast-featured-img":"","footer-sml-layout":"","theme-transparent-header-meta":"default","adv-header-id-meta":"","stick-header-meta":"","header-above-stick-meta":"","header-main-stick-meta":"","header-below-stick-meta":"","astra-migrate-meta-layouts":"set","ast-page-background-enabled":"default","ast-page-background-meta":{"desktop":{"background-color":"","background-image":"","background-repeat":"repeat","background-position":"center center","background-size":"auto","background-attachment":"scroll","background-type":"","background-media":"","overlay-type":"","overlay-color":"","overlay-gradient":""},"tablet":{"background-color":"","background-image":"","background-repeat":"repeat","background-position":"center center","background-size":"auto","background-attachment":"scroll","background-type":"","background-media":"","overlay-type":"","overlay-color":"","overlay-gradient":""},"mobile":{"background-color":"","background-image":"","background-repeat":"repeat","background-position":"center center","background-size":"auto","background-attachment":"scroll","background-type":"","background-media":"","overlay-type":"","overlay-color":"","overlay-gradient":""}},"ast-content-background-meta":{"desktop":{"background-color":"var(--ast-global-color-5)","background-image":"","background-repeat":"repeat","background-position":"center center","background-size":"auto","background-attachment":"scroll","background-type":"","background-media":"","overlay-type":"","overlay-color":"","overlay-gradient":""},"tablet":{"background-color":"var(--ast-global-color-5)","background-image":"","background-repeat":"repeat","background-position":"center center","background-size":"auto","background-attachment":"scroll","background-type":"","background-media":"","overlay-type":"","overlay-color":"","overlay-gradient":""},"mobile":{"background-color":"var(--ast-global-color-5)","background-image":"","background-repeat":"repeat","background-position":"center center","background-size":"auto","background-attachment":"scroll","background-type":"","background-media":"","overlay-type":"","overlay-color":"","overlay-gradient":""}}},"product_cat":[23],"product_tag":[],"class_list":{"0":"post-1741","1":"product","2":"type-product","3":"status-publish","4":"has-post-thumbnail","6":"product_cat-tattoo-needle-cartridges","7":"desktop-align-left","8":"tablet-align-left","9":"mobile-align-left","11":"first","12":"instock","13":"shipping-taxable","14":"purchasable","15":"product-type-variable"},"_links":{"self":[{"href":"https:\/\/hktattoosupply.com\/sk\/wp-json\/wp\/v2\/product\/1741","targetHints":{"allow":["GET"]}}],"collection":[{"href":"https:\/\/hktattoosupply.com\/sk\/wp-json\/wp\/v2\/product"}],"about":[{"href":"https:\/\/hktattoosupply.com\/sk\/wp-json\/wp\/v2\/types\/product"}],"replies":[{"embeddable":true,"href":"https:\/\/hktattoosupply.com\/sk\/wp-json\/wp\/v2\/comments?post=1741"}],"wp:featuredmedia":[{"embeddable":true,"href":"https:\/\/hktattoosupply.com\/sk\/wp-json\/wp\/v2\/media\/1748"}],"wp:attachment":[{"href":"https:\/\/hktattoosupply.com\/sk\/wp-json\/wp\/v2\/media?parent=1741"}],"wp:term":[{"taxonomy":"product_cat","embeddable":true,"href":"https:\/\/hktattoosupply.com\/sk\/wp-json\/wp\/v2\/product_cat?post=1741"},{"taxonomy":"product_tag","embeddable":true,"href":"https:\/\/hktattoosupply.com\/sk\/wp-json\/wp\/v2\/product_tag?post=1741"}],"curies":[{"name":"wp","href":"https:\/\/api.w.org\/{rel}","templated":true}]}}